{"id":5578,"date":"2024-02-05T14:38:16","date_gmt":"2024-02-05T14:38:16","guid":{"rendered":"https:\/\/focus-horse.de\/?page_id=5578"},"modified":"2024-06-12T07:31:45","modified_gmt":"2024-06-12T07:31:45","slug":"news","status":"publish","type":"page","link":"https:\/\/focus-horse.de\/index.php\/news\/","title":{"rendered":"News"},"content":{"rendered":"\t\t<div data-elementor-type=\"wp-page\" data-elementor-id=\"5578\" class=\"elementor elementor-5578\">\n\t\t\t\t\t\t<section class=\"elementor-section elementor-top-section elementor-element elementor-element-cbca3e9 elementor-section-boxed elementor-section-height-default elementor-section-height-default\" data-id=\"cbca3e9\" data-element_type=\"section\" data-settings=\"{&quot;background_background&quot;:&quot;classic&quot;}\">\n\t\t\t\t\t\t\t<div class=\"elementor-background-overlay\"><\/div>\n\t\t\t\t\t\t\t<div class=\"elementor-container elementor-column-gap-default\">\n\t\t\t\t\t<div class=\"elementor-column elementor-col-100 elementor-top-column elementor-element elementor-element-f0dc841\" data-id=\"f0dc841\" data-element_type=\"column\" data-settings=\"{&quot;background_background&quot;:&quot;classic&quot;}\">\n\t\t\t<div class=\"elementor-widget-wrap elementor-element-populated\">\n\t\t\t\t\t\t<section class=\"elementor-section elementor-inner-section elementor-element elementor-element-52e46f4 elementor-section-full_width elementor-section-height-default elementor-section-height-default\" data-id=\"52e46f4\" data-element_type=\"section\">\n\t\t\t\t\t\t<div class=\"elementor-container elementor-column-gap-wider\">\n\t\t\t\t\t<div class=\"elementor-column elementor-col-100 elementor-inner-column elementor-element elementor-element-c0bc4db\" data-id=\"c0bc4db\" data-element_type=\"column\">\n\t\t\t<div class=\"elementor-widget-wrap elementor-element-populated\">\n\t\t\t\t\t\t<div class=\"elementor-element elementor-element-ccf5042 elementor-widget__width-initial e-transform elementor-widget-divider--view-line elementor-widget elementor-widget-divider\" data-id=\"ccf5042\" data-element_type=\"widget\" data-settings=\"{&quot;_transform_rotateZ_effect&quot;:{&quot;unit&quot;:&quot;px&quot;,&quot;size&quot;:90,&quot;sizes&quot;:[]},&quot;_transform_rotateZ_effect_tablet&quot;:{&quot;unit&quot;:&quot;deg&quot;,&quot;size&quot;:&quot;&quot;,&quot;sizes&quot;:[]},&quot;_transform_rotateZ_effect_mobile&quot;:{&quot;unit&quot;:&quot;deg&quot;,&quot;size&quot;:&quot;&quot;,&quot;sizes&quot;:[]}}\" data-widget_type=\"divider.default\">\n\t\t\t\t<div class=\"elementor-widget-container\">\n\t\t\t\t\t\t\t<div class=\"elementor-divider\">\n\t\t\t<span class=\"elementor-divider-separator\">\n\t\t\t\t\t\t<\/span>\n\t\t<\/div>\n\t\t\t\t\t\t<\/div>\n\t\t\t\t<\/div>\n\t\t\t\t<div class=\"elementor-element elementor-element-8c3d974 elementor-widget__width-initial elementor-widget elementor-widget-heading\" data-id=\"8c3d974\" data-element_type=\"widget\" data-widget_type=\"heading.default\">\n\t\t\t\t<div class=\"elementor-widget-container\">\n\t\t\t\t\t<h2 class=\"elementor-heading-title elementor-size-default\">News<\/h2>\t\t\t\t<\/div>\n\t\t\t\t<\/div>\n\t\t\t\t\t<\/div>\n\t\t<\/div>\n\t\t\t\t\t<\/div>\n\t\t<\/section>\n\t\t\t\t\t<\/div>\n\t\t<\/div>\n\t\t\t\t\t<\/div>\n\t\t<\/section>\n\t\t\t\t<section class=\"elementor-section elementor-top-section elementor-element elementor-element-70703cb elementor-section-boxed elementor-section-height-default elementor-section-height-default\" data-id=\"70703cb\" data-element_type=\"section\" data-settings=\"{&quot;background_background&quot;:&quot;classic&quot;}\">\n\t\t\t\t\t\t<div class=\"elementor-container elementor-column-gap-default\">\n\t\t\t\t\t<div class=\"elementor-column elementor-col-50 elementor-top-column elementor-element elementor-element-d5fb523\" data-id=\"d5fb523\" data-element_type=\"column\">\n\t\t\t<div class=\"elementor-widget-wrap elementor-element-populated\">\n\t\t\t\t\t\t<div class=\"elementor-element elementor-element-d9afdd0 elementor-hidden-desktop elementor-hidden-tablet elementor-widget elementor-widget-heading\" data-id=\"d9afdd0\" data-element_type=\"widget\" data-widget_type=\"heading.default\">\n\t\t\t\t<div class=\"elementor-widget-container\">\n\t\t\t\t\t<h2 class=\"elementor-heading-title elementor-size-default\">Spoga Horse Top Innovations Special Prize \"Equine Professionals Favorite\" 2024<\/h2>\t\t\t\t<\/div>\n\t\t\t\t<\/div>\n\t\t\t\t<div class=\"elementor-element elementor-element-67adf7c elementor-hidden-desktop elementor-hidden-tablet elementor-widget-divider--view-line elementor-widget elementor-widget-divider\" data-id=\"67adf7c\" data-element_type=\"widget\" data-widget_type=\"divider.default\">\n\t\t\t\t<div class=\"elementor-widget-container\">\n\t\t\t\t\t\t\t<div class=\"elementor-divider\">\n\t\t\t<span class=\"elementor-divider-separator\">\n\t\t\t\t\t\t<\/span>\n\t\t<\/div>\n\t\t\t\t\t\t<\/div>\n\t\t\t\t<\/div>\n\t\t\t\t<div class=\"elementor-element elementor-element-7d4a44a elementor-arrows-position-outside elementor-pagination-position-outside elementor-widget elementor-widget-image-carousel\" data-id=\"7d4a44a\" data-element_type=\"widget\" data-settings=\"{&quot;slides_to_show&quot;:&quot;1&quot;,&quot;navigation&quot;:&quot;both&quot;,&quot;autoplay&quot;:&quot;yes&quot;,&quot;pause_on_hover&quot;:&quot;yes&quot;,&quot;pause_on_interaction&quot;:&quot;yes&quot;,&quot;autoplay_speed&quot;:5000,&quot;infinite&quot;:&quot;yes&quot;,&quot;effect&quot;:&quot;slide&quot;,&quot;speed&quot;:500}\" data-widget_type=\"image-carousel.default\">\n\t\t\t\t<div class=\"elementor-widget-container\">\n\t\t\t\t\t\t\t<div class=\"elementor-image-carousel-wrapper swiper\" role=\"region\" aria-roledescription=\"carousel\" aria-label=\"Bild Karussell\" dir=\"ltr\">\n\t\t\t<div class=\"elementor-image-carousel swiper-wrapper\" aria-live=\"off\">\n\t\t\t\t\t\t\t\t<div class=\"swiper-slide\" role=\"group\" aria-roledescription=\"slide\" aria-label=\"1 von 2\"><figure class=\"swiper-slide-inner\"><img decoding=\"async\" class=\"swiper-slide-image\" src=\"https:\/\/focus-horse.de\/fh-content\/uploads\/2024\/02\/Mittel-WhatsApp-Image-2024-02-04-at-10.16.03.jpeg\" alt=\"Mittel (WhatsApp Image 2024-02-04 at 10.16.03)\" \/><\/figure><\/div><div class=\"swiper-slide\" role=\"group\" aria-roledescription=\"slide\" aria-label=\"2 von 2\"><figure class=\"swiper-slide-inner\"><img decoding=\"async\" class=\"swiper-slide-image\" src=\"https:\/\/focus-horse.de\/fh-content\/uploads\/2024\/02\/Gross-WhatsApp-Image-2024-02-04-at-10.15.53-e1707142532674.jpeg\" alt=\"Gro\u00df (WhatsApp Image 2024-02-04 at 10.15.53)\" \/><\/figure><\/div>\t\t\t<\/div>\n\t\t\t\t\t\t\t\t\t\t\t\t<div class=\"elementor-swiper-button elementor-swiper-button-prev\" role=\"button\" tabindex=\"0\">\n\t\t\t\t\t\t<i aria-hidden=\"true\" class=\"eicon-chevron-left\"><\/i>\t\t\t\t\t<\/div>\n\t\t\t\t\t<div class=\"elementor-swiper-button elementor-swiper-button-next\" role=\"button\" tabindex=\"0\">\n\t\t\t\t\t\t<i aria-hidden=\"true\" class=\"eicon-chevron-right\"><\/i>\t\t\t\t\t<\/div>\n\t\t\t\t\n\t\t\t\t\t\t\t\t\t<div class=\"swiper-pagination\"><\/div>\n\t\t\t\t\t\t\t\t\t<\/div>\n\t\t\t\t\t\t<\/div>\n\t\t\t\t<\/div>\n\t\t\t\t\t<\/div>\n\t\t<\/div>\n\t\t\t\t<div class=\"elementor-column elementor-col-50 elementor-top-column elementor-element elementor-element-bf1687e\" data-id=\"bf1687e\" data-element_type=\"column\">\n\t\t\t<div class=\"elementor-widget-wrap elementor-element-populated\">\n\t\t\t\t\t\t<div class=\"elementor-element elementor-element-c405879 elementor-hidden-mobile elementor-widget elementor-widget-heading\" data-id=\"c405879\" data-element_type=\"widget\" data-widget_type=\"heading.default\">\n\t\t\t\t<div class=\"elementor-widget-container\">\n\t\t\t\t\t<h2 class=\"elementor-heading-title elementor-size-default\">Spoga Horse Top Innovations Special Prize \"Equine Professionals Favorite\"<\/h2>\t\t\t\t<\/div>\n\t\t\t\t<\/div>\n\t\t\t\t<div class=\"elementor-element elementor-element-de66620 elementor-hidden-mobile elementor-widget-divider--view-line elementor-widget elementor-widget-divider\" data-id=\"de66620\" data-element_type=\"widget\" data-widget_type=\"divider.default\">\n\t\t\t\t<div class=\"elementor-widget-container\">\n\t\t\t\t\t\t\t<div class=\"elementor-divider\">\n\t\t\t<span class=\"elementor-divider-separator\">\n\t\t\t\t\t\t<\/span>\n\t\t<\/div>\n\t\t\t\t\t\t<\/div>\n\t\t\t\t<\/div>\n\t\t\t\t<div class=\"elementor-element elementor-element-751d01a elementor-widget elementor-widget-text-editor\" data-id=\"751d01a\" data-element_type=\"widget\" data-widget_type=\"text-editor.default\">\n\t\t\t\t<div class=\"elementor-widget-container\">\n\t\t\t\t\t\t\t\t\t<p>So stolz zum wiederholten Mal einen Innovationspreis f\u00fcr Software in den H\u00e4nden halten zu k\u00f6nnen!!!<\/p><p>Gestern auf der gelungenen Veranstaltung der spoga horse, die Leit- und Innovationsmesse der weltweiten Pferdebranche, wurde uns der SPECIAL INNOVATION PRIZE 2024 f\u00fcr unsere KI basierte Ganganalyse f\u00fcr Pferde verliehen.\u00a0<\/p><p>Gerade mal 2 Jahre nach dem Verkauf von Easysolution k\u00f6nnen wir auch in anderen Branchen unser K\u00f6nnen unter Beweis stellen.<\/p><p>Und warum k\u00f6nnen wir das? <br \/>Weil wir lieben was wir tun!<\/p>\t\t\t\t\t\t\t\t<\/div>\n\t\t\t\t<\/div>\n\t\t\t\t<div class=\"elementor-element elementor-element-54d83c6 elementor-mobile-align-justify elementor-widget__width-initial elementor-widget-mobile__width-initial elementor-align-left elementor-invisible elementor-widget elementor-widget-button\" data-id=\"54d83c6\" data-element_type=\"widget\" data-settings=\"{&quot;_animation&quot;:&quot;fadeIn&quot;,&quot;_animation_delay&quot;:300}\" data-widget_type=\"button.default\">\n\t\t\t\t<div class=\"elementor-widget-container\">\n\t\t\t\t\t\t\t\t\t<div class=\"elementor-button-wrapper\">\n\t\t\t\t\t<a class=\"elementor-button elementor-button-link elementor-size-xs elementor-animation-grow\" href=\"https:\/\/www.spogahorse.de\/events\/events-vor-ort\/spoga-horse-top-innovations\/top-5\/\">\n\t\t\t\t\t\t<span class=\"elementor-button-content-wrapper\">\n\t\t\t\t\t\t\t\t\t<span class=\"elementor-button-text\">Spoga horse TOP INNOVATIONS 2024 <\/span>\n\t\t\t\t\t<\/span>\n\t\t\t\t\t<\/a>\n\t\t\t\t<\/div>\n\t\t\t\t\t\t\t\t<\/div>\n\t\t\t\t<\/div>\n\t\t\t\t\t<\/div>\n\t\t<\/div>\n\t\t\t\t\t<\/div>\n\t\t<\/section>\n\t\t\t\t<\/div>\n\t\t","protected":false},"excerpt":{"rendered":"<p>News Spoga Horse Top Innovations Special Prize &#8222;Equine Professionals Favorite&#8220; 2024 Spoga Horse Top Innovations Special Prize &#8222;Equine Professionals Favorite&#8220; So stolz zum wiederholten Mal einen Innovationspreis f\u00fcr Software in den H\u00e4nden halten zu k\u00f6nnen!!! Gestern auf der gelungenen Veranstaltung der spoga horse, die Leit- und Innovationsmesse der weltweiten Pferdebranche, wurde uns der SPECIAL INNOVATION [&hellip;]<\/p>\n","protected":false},"author":1,"featured_media":0,"parent":0,"menu_order":0,"comment_status":"closed","ping_status":"closed","template":"","meta":{"ocean_post_layout":"full-screen","ocean_both_sidebars_style":"","ocean_both_sidebars_content_width":0,"ocean_both_sidebars_sidebars_width":0,"ocean_sidebar":"","ocean_second_sidebar":"","ocean_disable_margins":"enable","ocean_add_body_class":"","ocean_shortcode_before_top_bar":"","ocean_shortcode_after_top_bar":"","ocean_shortcode_before_header":"","ocean_shortcode_after_header":"","ocean_has_shortcode":"","ocean_shortcode_after_title":"","ocean_shortcode_before_footer_widgets":"","ocean_shortcode_after_footer_widgets":"","ocean_shortcode_before_footer_bottom":"","ocean_shortcode_after_footer_bottom":"","ocean_display_top_bar":"off","ocean_display_header":"off","ocean_header_style":"","ocean_center_header_left_menu":"","ocean_custom_header_template":"","ocean_custom_logo":0,"ocean_custom_retina_logo":0,"ocean_custom_logo_max_width":0,"ocean_custom_logo_tablet_max_width":0,"ocean_custom_logo_mobile_max_width":0,"ocean_custom_logo_max_height":0,"ocean_custom_logo_tablet_max_height":0,"ocean_custom_logo_mobile_max_height":0,"ocean_header_custom_menu":"","ocean_menu_typo_font_family":"","ocean_menu_typo_font_subset":"","ocean_menu_typo_font_size":0,"ocean_menu_typo_font_size_tablet":0,"ocean_menu_typo_font_size_mobile":0,"ocean_menu_typo_font_size_unit":"px","ocean_menu_typo_font_weight":"","ocean_menu_typo_font_weight_tablet":"","ocean_menu_typo_font_weight_mobile":"","ocean_menu_typo_transform":"","ocean_menu_typo_transform_tablet":"","ocean_menu_typo_transform_mobile":"","ocean_menu_typo_line_height":0,"ocean_menu_typo_line_height_tablet":0,"ocean_menu_typo_line_height_mobile":0,"ocean_menu_typo_line_height_unit":"","ocean_menu_typo_spacing":0,"ocean_menu_typo_spacing_tablet":0,"ocean_menu_typo_spacing_mobile":0,"ocean_menu_typo_spacing_unit":"","ocean_menu_link_color":"","ocean_menu_link_color_hover":"","ocean_menu_link_color_active":"","ocean_menu_link_background":"","ocean_menu_link_hover_background":"","ocean_menu_link_active_background":"","ocean_menu_social_links_bg":"","ocean_menu_social_hover_links_bg":"","ocean_menu_social_links_color":"","ocean_menu_social_hover_links_color":"","ocean_disable_title":"on","ocean_disable_heading":"default","ocean_post_title":"","ocean_post_subheading":"","ocean_post_title_style":"","ocean_post_title_background_color":"","ocean_post_title_background":0,"ocean_post_title_bg_image_position":"","ocean_post_title_bg_image_attachment":"","ocean_post_title_bg_image_repeat":"","ocean_post_title_bg_image_size":"","ocean_post_title_height":0,"ocean_post_title_bg_overlay":0.5,"ocean_post_title_bg_overlay_color":"","ocean_disable_breadcrumbs":"default","ocean_breadcrumbs_color":"","ocean_breadcrumbs_separator_color":"","ocean_breadcrumbs_links_color":"","ocean_breadcrumbs_links_hover_color":"","ocean_display_footer_widgets":"off","ocean_display_footer_bottom":"off","ocean_custom_footer_template":"","footnotes":""},"class_list":["post-5578","page","type-page","status-publish","hentry","entry"],"yoast_head":"<!-- This site is optimized with the Yoast SEO plugin v24.2 - https:\/\/yoast.com\/wordpress\/plugins\/seo\/ -->\n<title>News - focus horse<\/title>\n<meta name=\"robots\" content=\"index, follow, max-snippet:-1, max-image-preview:large, max-video-preview:-1\" \/>\n<link rel=\"canonical\" href=\"https:\/\/focus-horse.de\/index.php\/news\/\" \/>\n<meta property=\"og:locale\" content=\"de_DE\" \/>\n<meta property=\"og:type\" content=\"article\" \/>\n<meta property=\"og:title\" content=\"News - focus horse\" \/>\n<meta property=\"og:description\" content=\"News Spoga Horse Top Innovations Special Prize &#8222;Equine Professionals Favorite&#8220; 2024 Spoga Horse Top Innovations Special Prize &#8222;Equine Professionals Favorite&#8220; So stolz zum wiederholten Mal einen Innovationspreis f\u00fcr Software in den H\u00e4nden halten zu k\u00f6nnen!!! Gestern auf der gelungenen Veranstaltung der spoga horse, die Leit- und Innovationsmesse der weltweiten Pferdebranche, wurde uns der SPECIAL INNOVATION [&hellip;]\" \/>\n<meta property=\"og:url\" content=\"https:\/\/focus-horse.de\/index.php\/news\/\" \/>\n<meta property=\"og:site_name\" content=\"focus horse\" \/>\n<meta property=\"article:modified_time\" content=\"2024-06-12T07:31:45+00:00\" \/>\n<meta property=\"og:image\" content=\"https:\/\/focus-horse.de\/fh-content\/uploads\/2024\/02\/Mittel-WhatsApp-Image-2024-02-04-at-10.16.03.jpeg\" \/>\n<meta name=\"twitter:card\" content=\"summary_large_image\" \/>\n<meta name=\"twitter:label1\" content=\"Gesch\u00e4tzte Lesezeit\" \/>\n\t<meta name=\"twitter:data1\" content=\"1 Minute\" \/>\n<script type=\"application\/ld+json\" class=\"yoast-schema-graph\">{\"@context\":\"https:\/\/schema.org\",\"@graph\":[{\"@type\":\"WebPage\",\"@id\":\"https:\/\/focus-horse.de\/index.php\/news\/\",\"url\":\"https:\/\/focus-horse.de\/index.php\/news\/\",\"name\":\"News - focus horse\",\"isPartOf\":{\"@id\":\"https:\/\/focus-horse.de\/#website\"},\"primaryImageOfPage\":{\"@id\":\"https:\/\/focus-horse.de\/index.php\/news\/#primaryimage\"},\"image\":{\"@id\":\"https:\/\/focus-horse.de\/index.php\/news\/#primaryimage\"},\"thumbnailUrl\":\"https:\/\/focus-horse.de\/fh-content\/uploads\/2024\/02\/Mittel-WhatsApp-Image-2024-02-04-at-10.16.03.jpeg\",\"datePublished\":\"2024-02-05T14:38:16+00:00\",\"dateModified\":\"2024-06-12T07:31:45+00:00\",\"breadcrumb\":{\"@id\":\"https:\/\/focus-horse.de\/index.php\/news\/#breadcrumb\"},\"inLanguage\":\"de\",\"potentialAction\":[{\"@type\":\"ReadAction\",\"target\":[\"https:\/\/focus-horse.de\/index.php\/news\/\"]}]},{\"@type\":\"ImageObject\",\"inLanguage\":\"de\",\"@id\":\"https:\/\/focus-horse.de\/index.php\/news\/#primaryimage\",\"url\":\"https:\/\/focus-horse.de\/fh-content\/uploads\/2024\/02\/Mittel-WhatsApp-Image-2024-02-04-at-10.16.03.jpeg\",\"contentUrl\":\"https:\/\/focus-horse.de\/fh-content\/uploads\/2024\/02\/Mittel-WhatsApp-Image-2024-02-04-at-10.16.03.jpeg\",\"width\":480,\"height\":640},{\"@type\":\"BreadcrumbList\",\"@id\":\"https:\/\/focus-horse.de\/index.php\/news\/#breadcrumb\",\"itemListElement\":[{\"@type\":\"ListItem\",\"position\":1,\"name\":\"Startseite\",\"item\":\"https:\/\/focus-horse.de\/\"},{\"@type\":\"ListItem\",\"position\":2,\"name\":\"News\"}]},{\"@type\":\"WebSite\",\"@id\":\"https:\/\/focus-horse.de\/#website\",\"url\":\"https:\/\/focus-horse.de\/\",\"name\":\"focus horse\",\"description\":\"Gang- Lahmheits- und Reiteranalysen mit Hilfe k\u00fcnstlicher Intelligenz\",\"publisher\":{\"@id\":\"https:\/\/focus-horse.de\/#organization\"},\"potentialAction\":[{\"@type\":\"SearchAction\",\"target\":{\"@type\":\"EntryPoint\",\"urlTemplate\":\"https:\/\/focus-horse.de\/?s={search_term_string}\"},\"query-input\":{\"@type\":\"PropertyValueSpecification\",\"valueRequired\":true,\"valueName\":\"search_term_string\"}}],\"inLanguage\":\"de\"},{\"@type\":\"Organization\",\"@id\":\"https:\/\/focus-horse.de\/#organization\",\"name\":\"focus horse\",\"url\":\"https:\/\/focus-horse.de\/\",\"logo\":{\"@type\":\"ImageObject\",\"inLanguage\":\"de\",\"@id\":\"https:\/\/focus-horse.de\/#\/schema\/logo\/image\/\",\"url\":\"https:\/\/focus-horse.de\/fh-content\/uploads\/2023\/07\/Focus-horse_Favicon.png\",\"contentUrl\":\"https:\/\/focus-horse.de\/fh-content\/uploads\/2023\/07\/Focus-horse_Favicon.png\",\"width\":1000,\"height\":1000,\"caption\":\"focus horse\"},\"image\":{\"@id\":\"https:\/\/focus-horse.de\/#\/schema\/logo\/image\/\"}}]}<\/script>\n<!-- \/ Yoast SEO plugin. -->","yoast_head_json":{"title":"News - focus horse","robots":{"index":"index","follow":"follow","max-snippet":"max-snippet:-1","max-image-preview":"max-image-preview:large","max-video-preview":"max-video-preview:-1"},"canonical":"https:\/\/focus-horse.de\/index.php\/news\/","og_locale":"de_DE","og_type":"article","og_title":"News - focus horse","og_description":"News Spoga Horse Top Innovations Special Prize &#8222;Equine Professionals Favorite&#8220; 2024 Spoga Horse Top Innovations Special Prize &#8222;Equine Professionals Favorite&#8220; So stolz zum wiederholten Mal einen Innovationspreis f\u00fcr Software in den H\u00e4nden halten zu k\u00f6nnen!!! Gestern auf der gelungenen Veranstaltung der spoga horse, die Leit- und Innovationsmesse der weltweiten Pferdebranche, wurde uns der SPECIAL INNOVATION [&hellip;]","og_url":"https:\/\/focus-horse.de\/index.php\/news\/","og_site_name":"focus horse","article_modified_time":"2024-06-12T07:31:45+00:00","og_image":[{"url":"https:\/\/focus-horse.de\/fh-content\/uploads\/2024\/02\/Mittel-WhatsApp-Image-2024-02-04-at-10.16.03.jpeg","type":"","width":"","height":""}],"twitter_card":"summary_large_image","twitter_misc":{"Gesch\u00e4tzte Lesezeit":"1 Minute"},"schema":{"@context":"https:\/\/schema.org","@graph":[{"@type":"WebPage","@id":"https:\/\/focus-horse.de\/index.php\/news\/","url":"https:\/\/focus-horse.de\/index.php\/news\/","name":"News - focus horse","isPartOf":{"@id":"https:\/\/focus-horse.de\/#website"},"primaryImageOfPage":{"@id":"https:\/\/focus-horse.de\/index.php\/news\/#primaryimage"},"image":{"@id":"https:\/\/focus-horse.de\/index.php\/news\/#primaryimage"},"thumbnailUrl":"https:\/\/focus-horse.de\/fh-content\/uploads\/2024\/02\/Mittel-WhatsApp-Image-2024-02-04-at-10.16.03.jpeg","datePublished":"2024-02-05T14:38:16+00:00","dateModified":"2024-06-12T07:31:45+00:00","breadcrumb":{"@id":"https:\/\/focus-horse.de\/index.php\/news\/#breadcrumb"},"inLanguage":"de","potentialAction":[{"@type":"ReadAction","target":["https:\/\/focus-horse.de\/index.php\/news\/"]}]},{"@type":"ImageObject","inLanguage":"de","@id":"https:\/\/focus-horse.de\/index.php\/news\/#primaryimage","url":"https:\/\/focus-horse.de\/fh-content\/uploads\/2024\/02\/Mittel-WhatsApp-Image-2024-02-04-at-10.16.03.jpeg","contentUrl":"https:\/\/focus-horse.de\/fh-content\/uploads\/2024\/02\/Mittel-WhatsApp-Image-2024-02-04-at-10.16.03.jpeg","width":480,"height":640},{"@type":"BreadcrumbList","@id":"https:\/\/focus-horse.de\/index.php\/news\/#breadcrumb","itemListElement":[{"@type":"ListItem","position":1,"name":"Startseite","item":"https:\/\/focus-horse.de\/"},{"@type":"ListItem","position":2,"name":"News"}]},{"@type":"WebSite","@id":"https:\/\/focus-horse.de\/#website","url":"https:\/\/focus-horse.de\/","name":"focus horse","description":"Gang- Lahmheits- und Reiteranalysen mit Hilfe k\u00fcnstlicher Intelligenz","publisher":{"@id":"https:\/\/focus-horse.de\/#organization"},"potentialAction":[{"@type":"SearchAction","target":{"@type":"EntryPoint","urlTemplate":"https:\/\/focus-horse.de\/?s={search_term_string}"},"query-input":{"@type":"PropertyValueSpecification","valueRequired":true,"valueName":"search_term_string"}}],"inLanguage":"de"},{"@type":"Organization","@id":"https:\/\/focus-horse.de\/#organization","name":"focus horse","url":"https:\/\/focus-horse.de\/","logo":{"@type":"ImageObject","inLanguage":"de","@id":"https:\/\/focus-horse.de\/#\/schema\/logo\/image\/","url":"https:\/\/focus-horse.de\/fh-content\/uploads\/2023\/07\/Focus-horse_Favicon.png","contentUrl":"https:\/\/focus-horse.de\/fh-content\/uploads\/2023\/07\/Focus-horse_Favicon.png","width":1000,"height":1000,"caption":"focus horse"},"image":{"@id":"https:\/\/focus-horse.de\/#\/schema\/logo\/image\/"}}]}},"_links":{"self":[{"href":"https:\/\/focus-horse.de\/index.php\/wp-json\/wp\/v2\/pages\/5578","targetHints":{"allow":["GET"]}}],"collection":[{"href":"https:\/\/focus-horse.de\/index.php\/wp-json\/wp\/v2\/pages"}],"about":[{"href":"https:\/\/focus-horse.de\/index.php\/wp-json\/wp\/v2\/types\/page"}],"author":[{"embeddable":true,"href":"https:\/\/focus-horse.de\/index.php\/wp-json\/wp\/v2\/users\/1"}],"replies":[{"embeddable":true,"href":"https:\/\/focus-horse.de\/index.php\/wp-json\/wp\/v2\/comments?post=5578"}],"version-history":[{"count":56,"href":"https:\/\/focus-horse.de\/index.php\/wp-json\/wp\/v2\/pages\/5578\/revisions"}],"predecessor-version":[{"id":5756,"href":"https:\/\/focus-horse.de\/index.php\/wp-json\/wp\/v2\/pages\/5578\/revisions\/5756"}],"wp:attachment":[{"href":"https:\/\/focus-horse.de\/index.php\/wp-json\/wp\/v2\/media?parent=5578"}],"curies":[{"name":"wp","href":"https:\/\/api.w.org\/{rel}","templated":true}]}}