{"id":5991,"date":"2024-02-07T15:12:11","date_gmt":"2024-02-07T15:12:11","guid":{"rendered":"https:\/\/focus-horse.de\/?page_id=5991"},"modified":"2024-07-22T13:41:01","modified_gmt":"2024-07-22T13:41:01","slug":"pferdehalter","status":"publish","type":"page","link":"https:\/\/focus-horse.de\/index.php\/pferdehalter\/","title":{"rendered":"Pferdehalter"},"content":{"rendered":"\t\t<div data-elementor-type=\"wp-page\" data-elementor-id=\"5991\" class=\"elementor elementor-5991\">\n\t\t\t\t\t\t<section class=\"elementor-section elementor-top-section elementor-element elementor-element-7819ff7 elementor-section-boxed elementor-section-height-default elementor-section-height-default\" data-id=\"7819ff7\" data-element_type=\"section\" data-settings=\"{&quot;background_background&quot;:&quot;classic&quot;}\">\n\t\t\t\t\t\t\t<div class=\"elementor-background-overlay\"><\/div>\n\t\t\t\t\t\t\t<div class=\"elementor-container elementor-column-gap-default\">\n\t\t\t\t\t<div class=\"elementor-column elementor-col-100 elementor-top-column elementor-element elementor-element-a9e8348\" data-id=\"a9e8348\" data-element_type=\"column\" data-settings=\"{&quot;background_background&quot;:&quot;classic&quot;}\">\n\t\t\t<div class=\"elementor-widget-wrap elementor-element-populated\">\n\t\t\t\t\t\t<section class=\"elementor-section elementor-inner-section elementor-element elementor-element-760ef2b elementor-section-full_width elementor-section-height-default elementor-section-height-default\" data-id=\"760ef2b\" data-element_type=\"section\">\n\t\t\t\t\t\t<div class=\"elementor-container elementor-column-gap-wider\">\n\t\t\t\t\t<div class=\"elementor-column elementor-col-100 elementor-inner-column elementor-element elementor-element-1068937\" data-id=\"1068937\" data-element_type=\"column\">\n\t\t\t<div class=\"elementor-widget-wrap elementor-element-populated\">\n\t\t\t\t\t\t<div class=\"elementor-element elementor-element-69eb9a1 elementor-widget__width-initial e-transform elementor-widget-divider--view-line elementor-widget elementor-widget-divider\" data-id=\"69eb9a1\" data-element_type=\"widget\" data-settings=\"{&quot;_transform_rotateZ_effect&quot;:{&quot;unit&quot;:&quot;px&quot;,&quot;size&quot;:90,&quot;sizes&quot;:[]},&quot;_transform_rotateZ_effect_tablet&quot;:{&quot;unit&quot;:&quot;deg&quot;,&quot;size&quot;:&quot;&quot;,&quot;sizes&quot;:[]},&quot;_transform_rotateZ_effect_mobile&quot;:{&quot;unit&quot;:&quot;deg&quot;,&quot;size&quot;:&quot;&quot;,&quot;sizes&quot;:[]}}\" data-widget_type=\"divider.default\">\n\t\t\t\t<div class=\"elementor-widget-container\">\n\t\t\t\t\t\t\t<div class=\"elementor-divider\">\n\t\t\t<span class=\"elementor-divider-separator\">\n\t\t\t\t\t\t<\/span>\n\t\t<\/div>\n\t\t\t\t\t\t<\/div>\n\t\t\t\t<\/div>\n\t\t\t\t<div class=\"elementor-element elementor-element-8e50fc9 elementor-widget__width-initial elementor-widget elementor-widget-heading\" data-id=\"8e50fc9\" data-element_type=\"widget\" data-widget_type=\"heading.default\">\n\t\t\t\t<div class=\"elementor-widget-container\">\n\t\t\t\t\t<h2 class=\"elementor-heading-title elementor-size-default\"><span class=\"elementor-heading-title elementor-size-default elementor-inline-editing pen\" data-elementor-setting-key=\"title\" data-pen-placeholder=\"Eingabe hier...\" style=\"font-style: normal\">Pferdehalter<\/span><\/h2>\t\t\t\t<\/div>\n\t\t\t\t<\/div>\n\t\t\t\t\t<\/div>\n\t\t<\/div>\n\t\t\t\t\t<\/div>\n\t\t<\/section>\n\t\t\t\t\t<\/div>\n\t\t<\/div>\n\t\t\t\t\t<\/div>\n\t\t<\/section>\n\t\t\t\t<section class=\"elementor-section elementor-top-section elementor-element elementor-element-c1dec3d elementor-section-boxed elementor-section-height-default elementor-section-height-default\" data-id=\"c1dec3d\" data-element_type=\"section\" data-settings=\"{&quot;background_background&quot;:&quot;classic&quot;}\">\n\t\t\t\t\t\t\t<div class=\"elementor-background-overlay\"><\/div>\n\t\t\t\t\t\t\t<div class=\"elementor-container elementor-column-gap-default\">\n\t\t\t\t\t<div class=\"elementor-column elementor-col-50 elementor-top-column elementor-element elementor-element-3a08e59\" data-id=\"3a08e59\" data-element_type=\"column\" data-settings=\"{&quot;background_background&quot;:&quot;classic&quot;}\">\n\t\t\t<div class=\"elementor-widget-wrap elementor-element-populated\">\n\t\t\t\t\t\t<div class=\"elementor-element elementor-element-55f1c16 elementor-widget elementor-widget-heading\" data-id=\"55f1c16\" data-element_type=\"widget\" data-widget_type=\"heading.default\">\n\t\t\t\t<div class=\"elementor-widget-container\">\n\t\t\t\t\t<h2 class=\"elementor-heading-title elementor-size-default\">Vorteile auf einen Blick<\/h2>\t\t\t\t<\/div>\n\t\t\t\t<\/div>\n\t\t\t\t<div class=\"elementor-element elementor-element-84125c3 elementor-widget-divider--view-line elementor-widget elementor-widget-divider\" data-id=\"84125c3\" data-element_type=\"widget\" data-widget_type=\"divider.default\">\n\t\t\t\t<div class=\"elementor-widget-container\">\n\t\t\t\t\t\t\t<div class=\"elementor-divider\">\n\t\t\t<span class=\"elementor-divider-separator\">\n\t\t\t\t\t\t<\/span>\n\t\t<\/div>\n\t\t\t\t\t\t<\/div>\n\t\t\t\t<\/div>\n\t\t\t\t<div class=\"elementor-element elementor-element-91e9ddb elementor-widget elementor-widget-text-editor\" data-id=\"91e9ddb\" data-element_type=\"widget\" data-widget_type=\"text-editor.default\">\n\t\t\t\t<div class=\"elementor-widget-container\">\n\t\t\t\t\t\t\t\t\t<ul>\n<li>Fr\u00fcherkennung von Verletzungen (Unregelm\u00e4\u00dfigkeiten und Anomalien im Gangmuster direkt erkennen)<\/li>\n<\/ul>\n<ul>\n<li>Optimierung f\u00fcr das Training \/ erkennen von Taktst\u00f6rungen und dessen Ursachen<\/li>\n<\/ul>\n<ul>\n<li>Analyse \u00fcber die Gang\/Bewegungsqualit\u00e4t des Pferdes (Bereiche identifizieren die verbessert werden m\u00fcssen)<\/li><\/ul><ul>\n<li>\u00dcberwachung der Fortschritte (gerade nach Verletzungen beim Antrainieren des Pferdes)<\/li><\/ul><ul>\n<li>Visualisierung des Gangmusters (Die Analyse kann genutzt werden, um das Gangmuster des Pferdes visuell darzustellen und mit Spezialisten zu besprechen)<\/li>\n<\/ul>\t\t\t\t\t\t\t\t<\/div>\n\t\t\t\t<\/div>\n\t\t\t\t<div class=\"elementor-element elementor-element-baac9a9 elementor-widget elementor-widget-text-editor\" data-id=\"baac9a9\" data-element_type=\"widget\" data-widget_type=\"text-editor.default\">\n\t\t\t\t<div class=\"elementor-widget-container\">\n\t\t\t\t\t\t\t\t\t<p><strong><span style=\"font-weight: 400;\"><strong>Hierbei ist wichtig zu beachten, dass die KI-Software als unterst\u00fctzendes Werkzeug dient und nicht als Ersatz f\u00fcr die Fachkenntnisse und Erfahrungen von Spezialisten<\/strong><\/span><span style=\"font-weight: 400;\">!<\/span><\/strong><\/p><p><strong>Wir empfehlen immer eine Zusammenarbeit mit dem Tierarzt des Vertrauens.\u00a0<\/strong><\/p>\t\t\t\t\t\t\t\t<\/div>\n\t\t\t\t<\/div>\n\t\t\t\t\t<\/div>\n\t\t<\/div>\n\t\t\t\t<div class=\"elementor-column elementor-col-50 elementor-top-column elementor-element elementor-element-45096bd\" data-id=\"45096bd\" data-element_type=\"column\" data-settings=\"{&quot;background_background&quot;:&quot;classic&quot;}\">\n\t\t\t<div class=\"elementor-widget-wrap elementor-element-populated\">\n\t\t\t\t\t\t<div class=\"elementor-element elementor-element-1761e06 elementor-widget elementor-widget-image\" data-id=\"1761e06\" data-element_type=\"widget\" data-widget_type=\"image.default\">\n\t\t\t\t<div class=\"elementor-widget-container\">\n\t\t\t\t\t\t\t\t\t\t\t\t\t\t\t<img fetchpriority=\"high\" decoding=\"async\" width=\"685\" height=\"1024\" src=\"https:\/\/focus-horse.de\/fh-content\/uploads\/2024\/06\/Gross-AdobeStock_20226117-685x1024.jpeg\" class=\"attachment-large size-large wp-image-8216\" alt=\"Lahmheit erkennen Pferd\" srcset=\"https:\/\/focus-horse.de\/fh-content\/uploads\/2024\/06\/Gross-AdobeStock_20226117-685x1024.jpeg 685w, https:\/\/focus-horse.de\/fh-content\/uploads\/2024\/06\/Gross-AdobeStock_20226117-201x300.jpeg 201w, https:\/\/focus-horse.de\/fh-content\/uploads\/2024\/06\/Gross-AdobeStock_20226117-768x1148.jpeg 768w, https:\/\/focus-horse.de\/fh-content\/uploads\/2024\/06\/Gross-AdobeStock_20226117.jpeg 856w\" sizes=\"(max-width: 685px) 100vw, 685px\" \/>\t\t\t\t\t\t\t\t\t\t\t\t\t\t\t<\/div>\n\t\t\t\t<\/div>\n\t\t\t\t\t<\/div>\n\t\t<\/div>\n\t\t\t\t\t<\/div>\n\t\t<\/section>\n\t\t\t\t<section class=\"elementor-section elementor-top-section elementor-element elementor-element-1c6d896 elementor-reverse-mobile elementor-section-boxed elementor-section-height-default elementor-section-height-default\" data-id=\"1c6d896\" data-element_type=\"section\" data-settings=\"{&quot;background_background&quot;:&quot;classic&quot;}\">\n\t\t\t\t\t\t<div class=\"elementor-container elementor-column-gap-default\">\n\t\t\t\t\t<div class=\"elementor-column elementor-col-50 elementor-top-column elementor-element elementor-element-506d7cb\" data-id=\"506d7cb\" data-element_type=\"column\">\n\t\t\t<div class=\"elementor-widget-wrap elementor-element-populated\">\n\t\t\t\t\t\t<div class=\"elementor-element elementor-element-90dfa3b elementor-widget__width-initial elementor-widget elementor-widget-image\" data-id=\"90dfa3b\" data-element_type=\"widget\" data-widget_type=\"image.default\">\n\t\t\t\t<div class=\"elementor-widget-container\">\n\t\t\t\t\t\t\t\t\t\t\t\t\t\t\t<img decoding=\"async\" width=\"480\" height=\"640\" src=\"https:\/\/focus-horse.de\/fh-content\/uploads\/2024\/02\/Mittel-IMG_0919.jpeg\" class=\"attachment-full size-full wp-image-5703\" alt=\"\" srcset=\"https:\/\/focus-horse.de\/fh-content\/uploads\/2024\/02\/Mittel-IMG_0919.jpeg 480w, https:\/\/focus-horse.de\/fh-content\/uploads\/2024\/02\/Mittel-IMG_0919-225x300.jpeg 225w\" sizes=\"(max-width: 480px) 100vw, 480px\" \/>\t\t\t\t\t\t\t\t\t\t\t\t\t\t\t<\/div>\n\t\t\t\t<\/div>\n\t\t\t\t\t<\/div>\n\t\t<\/div>\n\t\t\t\t<div class=\"elementor-column elementor-col-50 elementor-top-column elementor-element elementor-element-12c7fc9\" data-id=\"12c7fc9\" data-element_type=\"column\">\n\t\t\t<div class=\"elementor-widget-wrap elementor-element-populated\">\n\t\t\t\t\t\t<div class=\"elementor-element elementor-element-ccc720d elementor-widget elementor-widget-heading\" data-id=\"ccc720d\" data-element_type=\"widget\" data-widget_type=\"heading.default\">\n\t\t\t\t<div class=\"elementor-widget-container\">\n\t\t\t\t\t<h2 class=\"elementor-heading-title elementor-size-default\">Pferdehaltung bedeutet Verantwortung<\/h2>\t\t\t\t<\/div>\n\t\t\t\t<\/div>\n\t\t\t\t<div class=\"elementor-element elementor-element-27fb37e elementor-widget elementor-widget-text-editor\" data-id=\"27fb37e\" data-element_type=\"widget\" data-widget_type=\"text-editor.default\">\n\t\t\t\t<div class=\"elementor-widget-container\">\n\t\t\t\t\t\t\t\t\t<p>Mit einem Pferd hat man als Besitzer eine gro\u00dfe Portion Verantwortung erworben. Und ab jetzt geht es tagt\u00e4glich darum, dass es dem geliebten Tier gut.<\/p><p>Umso schlimmer, wenn dann mal etwas im Argen liegt und das Tier nicht \u201erund\u201c l\u00e4uft! Um das Pferd nicht zu \u00fcberlasten, spielt die Fr\u00fcherkennung von gesundheitlichen Problemen \u2013 gerade bei Gangst\u00f6rungen &#8211; eine wesentliche Rolle! Nur fr\u00fchzeitig erkannte Probleme k\u00f6nnen rechtzeitig behandelt und gro\u00dfer Schaden verhindert werden. Bei vielen Lahmheiten gleicht allerdings die Suche nach der Ursache, der nach der sogenannten \u201eNadel im Heuhaufen\u201c.<\/p><p>Denn sind wir mal ehrlich: Eine leichte bis mittelgradige Lahmheit (mit Eingrenzung an welchem der 4 Beine das Problem genau ist) am Pferd zu erkennen ist f\u00fcr Besitzer, aber auch sogar Tier\u00e4rzte erst einmal schwierig! Deshalb empfiehlt es sich das Pferd regelm\u00e4\u00dfig aufzunehmen und das vorhandene Videomaterial und die entsprechenden Auswertungen zu vergleichen. Dann stellt man oft fest, dass das Pferd vor ein paar Monaten vielleicht doch anders lief und Probleme h\u00e4tten vermieden werden k\u00f6nnen.<\/p>\t\t\t\t\t\t\t\t<\/div>\n\t\t\t\t<\/div>\n\t\t\t\t\t<\/div>\n\t\t<\/div>\n\t\t\t\t\t<\/div>\n\t\t<\/section>\n\t\t\t\t<\/div>\n\t\t","protected":false},"excerpt":{"rendered":"<p>Pferdehalter Vorteile auf einen Blick Fr\u00fcherkennung von Verletzungen (Unregelm\u00e4\u00dfigkeiten und Anomalien im Gangmuster direkt erkennen) Optimierung f\u00fcr das Training \/ erkennen von Taktst\u00f6rungen und dessen Ursachen Analyse \u00fcber die Gang\/Bewegungsqualit\u00e4t des Pferdes (Bereiche identifizieren die verbessert werden m\u00fcssen) \u00dcberwachung der Fortschritte (gerade nach Verletzungen beim Antrainieren des Pferdes) Visualisierung des Gangmusters (Die Analyse kann genutzt [&hellip;]<\/p>\n","protected":false},"author":1,"featured_media":0,"parent":0,"menu_order":0,"comment_status":"closed","ping_status":"closed","template":"","meta":{"ocean_post_layout":"full-screen","ocean_both_sidebars_style":"","ocean_both_sidebars_content_width":0,"ocean_both_sidebars_sidebars_width":0,"ocean_sidebar":"","ocean_second_sidebar":"","ocean_disable_margins":"on","ocean_add_body_class":"","ocean_shortcode_before_top_bar":"","ocean_shortcode_after_top_bar":"","ocean_shortcode_before_header":"","ocean_shortcode_after_header":"","ocean_has_shortcode":"","ocean_shortcode_after_title":"","ocean_shortcode_before_footer_widgets":"","ocean_shortcode_after_footer_widgets":"","ocean_shortcode_before_footer_bottom":"","ocean_shortcode_after_footer_bottom":"","ocean_display_top_bar":"off","ocean_display_header":"off","ocean_header_style":"","ocean_center_header_left_menu":"","ocean_custom_header_template":"","ocean_custom_logo":0,"ocean_custom_retina_logo":0,"ocean_custom_logo_max_width":0,"ocean_custom_logo_tablet_max_width":0,"ocean_custom_logo_mobile_max_width":0,"ocean_custom_logo_max_height":0,"ocean_custom_logo_tablet_max_height":0,"ocean_custom_logo_mobile_max_height":0,"ocean_header_custom_menu":"","ocean_menu_typo_font_family":"","ocean_menu_typo_font_subset":"","ocean_menu_typo_font_size":0,"ocean_menu_typo_font_size_tablet":0,"ocean_menu_typo_font_size_mobile":0,"ocean_menu_typo_font_size_unit":"px","ocean_menu_typo_font_weight":"","ocean_menu_typo_font_weight_tablet":"","ocean_menu_typo_font_weight_mobile":"","ocean_menu_typo_transform":"","ocean_menu_typo_transform_tablet":"","ocean_menu_typo_transform_mobile":"","ocean_menu_typo_line_height":0,"ocean_menu_typo_line_height_tablet":0,"ocean_menu_typo_line_height_mobile":0,"ocean_menu_typo_line_height_unit":"","ocean_menu_typo_spacing":0,"ocean_menu_typo_spacing_tablet":0,"ocean_menu_typo_spacing_mobile":0,"ocean_menu_typo_spacing_unit":"","ocean_menu_link_color":"","ocean_menu_link_color_hover":"","ocean_menu_link_color_active":"","ocean_menu_link_background":"","ocean_menu_link_hover_background":"","ocean_menu_link_active_background":"","ocean_menu_social_links_bg":"","ocean_menu_social_hover_links_bg":"","ocean_menu_social_links_color":"","ocean_menu_social_hover_links_color":"","ocean_disable_title":"on","ocean_disable_heading":"default","ocean_post_title":"","ocean_post_subheading":"","ocean_post_title_style":"","ocean_post_title_background_color":"","ocean_post_title_background":0,"ocean_post_title_bg_image_position":"","ocean_post_title_bg_image_attachment":"","ocean_post_title_bg_image_repeat":"","ocean_post_title_bg_image_size":"","ocean_post_title_height":0,"ocean_post_title_bg_overlay":0.5,"ocean_post_title_bg_overlay_color":"","ocean_disable_breadcrumbs":"default","ocean_breadcrumbs_color":"","ocean_breadcrumbs_separator_color":"","ocean_breadcrumbs_links_color":"","ocean_breadcrumbs_links_hover_color":"","ocean_display_footer_widgets":"off","ocean_display_footer_bottom":"off","ocean_custom_footer_template":"","footnotes":""},"class_list":["post-5991","page","type-page","status-publish","hentry","entry"],"yoast_head":"<!-- This site is optimized with the Yoast SEO plugin v24.2 - https:\/\/yoast.com\/wordpress\/plugins\/seo\/ -->\n<title>Pferdehalter - focus horse<\/title>\n<meta name=\"robots\" content=\"index, follow, max-snippet:-1, max-image-preview:large, max-video-preview:-1\" \/>\n<link rel=\"canonical\" href=\"https:\/\/focus-horse.de\/index.php\/pferdehalter\/\" \/>\n<meta property=\"og:locale\" content=\"de_DE\" \/>\n<meta property=\"og:type\" content=\"article\" \/>\n<meta property=\"og:title\" content=\"Pferdehalter - focus horse\" \/>\n<meta property=\"og:description\" content=\"Pferdehalter Vorteile auf einen Blick Fr\u00fcherkennung von Verletzungen (Unregelm\u00e4\u00dfigkeiten und Anomalien im Gangmuster direkt erkennen) Optimierung f\u00fcr das Training \/ erkennen von Taktst\u00f6rungen und dessen Ursachen Analyse \u00fcber die Gang\/Bewegungsqualit\u00e4t des Pferdes (Bereiche identifizieren die verbessert werden m\u00fcssen) \u00dcberwachung der Fortschritte (gerade nach Verletzungen beim Antrainieren des Pferdes) Visualisierung des Gangmusters (Die Analyse kann genutzt [&hellip;]\" \/>\n<meta property=\"og:url\" content=\"https:\/\/focus-horse.de\/index.php\/pferdehalter\/\" \/>\n<meta property=\"og:site_name\" content=\"focus horse\" \/>\n<meta property=\"article:modified_time\" content=\"2024-07-22T13:41:01+00:00\" \/>\n<meta property=\"og:image\" content=\"https:\/\/focus-horse.de\/fh-content\/uploads\/2024\/06\/Gross-AdobeStock_20226117-685x1024.jpeg\" \/>\n<meta name=\"twitter:card\" content=\"summary_large_image\" \/>\n<meta name=\"twitter:label1\" content=\"Gesch\u00e4tzte Lesezeit\" \/>\n\t<meta name=\"twitter:data1\" content=\"2 Minuten\" \/>\n<script type=\"application\/ld+json\" class=\"yoast-schema-graph\">{\"@context\":\"https:\/\/schema.org\",\"@graph\":[{\"@type\":\"WebPage\",\"@id\":\"https:\/\/focus-horse.de\/index.php\/pferdehalter\/\",\"url\":\"https:\/\/focus-horse.de\/index.php\/pferdehalter\/\",\"name\":\"Pferdehalter - focus horse\",\"isPartOf\":{\"@id\":\"https:\/\/focus-horse.de\/#website\"},\"primaryImageOfPage\":{\"@id\":\"https:\/\/focus-horse.de\/index.php\/pferdehalter\/#primaryimage\"},\"image\":{\"@id\":\"https:\/\/focus-horse.de\/index.php\/pferdehalter\/#primaryimage\"},\"thumbnailUrl\":\"https:\/\/focus-horse.de\/fh-content\/uploads\/2024\/06\/Gross-AdobeStock_20226117-685x1024.jpeg\",\"datePublished\":\"2024-02-07T15:12:11+00:00\",\"dateModified\":\"2024-07-22T13:41:01+00:00\",\"breadcrumb\":{\"@id\":\"https:\/\/focus-horse.de\/index.php\/pferdehalter\/#breadcrumb\"},\"inLanguage\":\"de\",\"potentialAction\":[{\"@type\":\"ReadAction\",\"target\":[\"https:\/\/focus-horse.de\/index.php\/pferdehalter\/\"]}]},{\"@type\":\"ImageObject\",\"inLanguage\":\"de\",\"@id\":\"https:\/\/focus-horse.de\/index.php\/pferdehalter\/#primaryimage\",\"url\":\"https:\/\/focus-horse.de\/fh-content\/uploads\/2024\/06\/Gross-AdobeStock_20226117.jpeg\",\"contentUrl\":\"https:\/\/focus-horse.de\/fh-content\/uploads\/2024\/06\/Gross-AdobeStock_20226117.jpeg\",\"width\":856,\"height\":1280,\"caption\":\"Lahmheit erkennen Pferd\"},{\"@type\":\"BreadcrumbList\",\"@id\":\"https:\/\/focus-horse.de\/index.php\/pferdehalter\/#breadcrumb\",\"itemListElement\":[{\"@type\":\"ListItem\",\"position\":1,\"name\":\"Startseite\",\"item\":\"https:\/\/focus-horse.de\/\"},{\"@type\":\"ListItem\",\"position\":2,\"name\":\"Pferdehalter\"}]},{\"@type\":\"WebSite\",\"@id\":\"https:\/\/focus-horse.de\/#website\",\"url\":\"https:\/\/focus-horse.de\/\",\"name\":\"focus horse\",\"description\":\"Gang- Lahmheits- und Reiteranalysen mit Hilfe k\u00fcnstlicher Intelligenz\",\"publisher\":{\"@id\":\"https:\/\/focus-horse.de\/#organization\"},\"potentialAction\":[{\"@type\":\"SearchAction\",\"target\":{\"@type\":\"EntryPoint\",\"urlTemplate\":\"https:\/\/focus-horse.de\/?s={search_term_string}\"},\"query-input\":{\"@type\":\"PropertyValueSpecification\",\"valueRequired\":true,\"valueName\":\"search_term_string\"}}],\"inLanguage\":\"de\"},{\"@type\":\"Organization\",\"@id\":\"https:\/\/focus-horse.de\/#organization\",\"name\":\"focus horse\",\"url\":\"https:\/\/focus-horse.de\/\",\"logo\":{\"@type\":\"ImageObject\",\"inLanguage\":\"de\",\"@id\":\"https:\/\/focus-horse.de\/#\/schema\/logo\/image\/\",\"url\":\"https:\/\/focus-horse.de\/fh-content\/uploads\/2023\/07\/Focus-horse_Favicon.png\",\"contentUrl\":\"https:\/\/focus-horse.de\/fh-content\/uploads\/2023\/07\/Focus-horse_Favicon.png\",\"width\":1000,\"height\":1000,\"caption\":\"focus horse\"},\"image\":{\"@id\":\"https:\/\/focus-horse.de\/#\/schema\/logo\/image\/\"}}]}<\/script>\n<!-- \/ Yoast SEO plugin. -->","yoast_head_json":{"title":"Pferdehalter - focus horse","robots":{"index":"index","follow":"follow","max-snippet":"max-snippet:-1","max-image-preview":"max-image-preview:large","max-video-preview":"max-video-preview:-1"},"canonical":"https:\/\/focus-horse.de\/index.php\/pferdehalter\/","og_locale":"de_DE","og_type":"article","og_title":"Pferdehalter - focus horse","og_description":"Pferdehalter Vorteile auf einen Blick Fr\u00fcherkennung von Verletzungen (Unregelm\u00e4\u00dfigkeiten und Anomalien im Gangmuster direkt erkennen) Optimierung f\u00fcr das Training \/ erkennen von Taktst\u00f6rungen und dessen Ursachen Analyse \u00fcber die Gang\/Bewegungsqualit\u00e4t des Pferdes (Bereiche identifizieren die verbessert werden m\u00fcssen) \u00dcberwachung der Fortschritte (gerade nach Verletzungen beim Antrainieren des Pferdes) Visualisierung des Gangmusters (Die Analyse kann genutzt [&hellip;]","og_url":"https:\/\/focus-horse.de\/index.php\/pferdehalter\/","og_site_name":"focus horse","article_modified_time":"2024-07-22T13:41:01+00:00","og_image":[{"url":"https:\/\/focus-horse.de\/fh-content\/uploads\/2024\/06\/Gross-AdobeStock_20226117-685x1024.jpeg","type":"","width":"","height":""}],"twitter_card":"summary_large_image","twitter_misc":{"Gesch\u00e4tzte Lesezeit":"2 Minuten"},"schema":{"@context":"https:\/\/schema.org","@graph":[{"@type":"WebPage","@id":"https:\/\/focus-horse.de\/index.php\/pferdehalter\/","url":"https:\/\/focus-horse.de\/index.php\/pferdehalter\/","name":"Pferdehalter - focus horse","isPartOf":{"@id":"https:\/\/focus-horse.de\/#website"},"primaryImageOfPage":{"@id":"https:\/\/focus-horse.de\/index.php\/pferdehalter\/#primaryimage"},"image":{"@id":"https:\/\/focus-horse.de\/index.php\/pferdehalter\/#primaryimage"},"thumbnailUrl":"https:\/\/focus-horse.de\/fh-content\/uploads\/2024\/06\/Gross-AdobeStock_20226117-685x1024.jpeg","datePublished":"2024-02-07T15:12:11+00:00","dateModified":"2024-07-22T13:41:01+00:00","breadcrumb":{"@id":"https:\/\/focus-horse.de\/index.php\/pferdehalter\/#breadcrumb"},"inLanguage":"de","potentialAction":[{"@type":"ReadAction","target":["https:\/\/focus-horse.de\/index.php\/pferdehalter\/"]}]},{"@type":"ImageObject","inLanguage":"de","@id":"https:\/\/focus-horse.de\/index.php\/pferdehalter\/#primaryimage","url":"https:\/\/focus-horse.de\/fh-content\/uploads\/2024\/06\/Gross-AdobeStock_20226117.jpeg","contentUrl":"https:\/\/focus-horse.de\/fh-content\/uploads\/2024\/06\/Gross-AdobeStock_20226117.jpeg","width":856,"height":1280,"caption":"Lahmheit erkennen Pferd"},{"@type":"BreadcrumbList","@id":"https:\/\/focus-horse.de\/index.php\/pferdehalter\/#breadcrumb","itemListElement":[{"@type":"ListItem","position":1,"name":"Startseite","item":"https:\/\/focus-horse.de\/"},{"@type":"ListItem","position":2,"name":"Pferdehalter"}]},{"@type":"WebSite","@id":"https:\/\/focus-horse.de\/#website","url":"https:\/\/focus-horse.de\/","name":"focus horse","description":"Gang- Lahmheits- und Reiteranalysen mit Hilfe k\u00fcnstlicher Intelligenz","publisher":{"@id":"https:\/\/focus-horse.de\/#organization"},"potentialAction":[{"@type":"SearchAction","target":{"@type":"EntryPoint","urlTemplate":"https:\/\/focus-horse.de\/?s={search_term_string}"},"query-input":{"@type":"PropertyValueSpecification","valueRequired":true,"valueName":"search_term_string"}}],"inLanguage":"de"},{"@type":"Organization","@id":"https:\/\/focus-horse.de\/#organization","name":"focus horse","url":"https:\/\/focus-horse.de\/","logo":{"@type":"ImageObject","inLanguage":"de","@id":"https:\/\/focus-horse.de\/#\/schema\/logo\/image\/","url":"https:\/\/focus-horse.de\/fh-content\/uploads\/2023\/07\/Focus-horse_Favicon.png","contentUrl":"https:\/\/focus-horse.de\/fh-content\/uploads\/2023\/07\/Focus-horse_Favicon.png","width":1000,"height":1000,"caption":"focus horse"},"image":{"@id":"https:\/\/focus-horse.de\/#\/schema\/logo\/image\/"}}]}},"_links":{"self":[{"href":"https:\/\/focus-horse.de\/index.php\/wp-json\/wp\/v2\/pages\/5991","targetHints":{"allow":["GET"]}}],"collection":[{"href":"https:\/\/focus-horse.de\/index.php\/wp-json\/wp\/v2\/pages"}],"about":[{"href":"https:\/\/focus-horse.de\/index.php\/wp-json\/wp\/v2\/types\/page"}],"author":[{"embeddable":true,"href":"https:\/\/focus-horse.de\/index.php\/wp-json\/wp\/v2\/users\/1"}],"replies":[{"embeddable":true,"href":"https:\/\/focus-horse.de\/index.php\/wp-json\/wp\/v2\/comments?post=5991"}],"version-history":[{"count":70,"href":"https:\/\/focus-horse.de\/index.php\/wp-json\/wp\/v2\/pages\/5991\/revisions"}],"predecessor-version":[{"id":8317,"href":"https:\/\/focus-horse.de\/index.php\/wp-json\/wp\/v2\/pages\/5991\/revisions\/8317"}],"wp:attachment":[{"href":"https:\/\/focus-horse.de\/index.php\/wp-json\/wp\/v2\/media?parent=5991"}],"curies":[{"name":"wp","href":"https:\/\/api.w.org\/{rel}","templated":true}]}}