{"id":6048,"date":"2024-02-08T07:41:59","date_gmt":"2024-02-08T07:41:59","guid":{"rendered":"https:\/\/focus-horse.de\/?page_id=6048"},"modified":"2024-07-22T13:41:41","modified_gmt":"2024-07-22T13:41:41","slug":"proprietaires-de-chevaux","status":"publish","type":"page","link":"https:\/\/focus-horse.de\/index.php\/fr\/proprietaires-de-chevaux\/","title":{"rendered":"Propri\u00e9taires de chevaux"},"content":{"rendered":"\t\t<div data-elementor-type=\"wp-page\" data-elementor-id=\"6048\" class=\"elementor elementor-6048\">\n\t\t\t\t\t\t<section class=\"elementor-section elementor-top-section elementor-element elementor-element-e2a5972 elementor-section-boxed elementor-section-height-default elementor-section-height-default\" data-id=\"e2a5972\" data-element_type=\"section\" data-settings=\"{&quot;background_background&quot;:&quot;classic&quot;}\">\n\t\t\t\t\t\t\t<div class=\"elementor-background-overlay\"><\/div>\n\t\t\t\t\t\t\t<div class=\"elementor-container elementor-column-gap-default\">\n\t\t\t\t\t<div class=\"elementor-column elementor-col-100 elementor-top-column elementor-element elementor-element-89f3f6e\" data-id=\"89f3f6e\" data-element_type=\"column\" data-settings=\"{&quot;background_background&quot;:&quot;classic&quot;}\">\n\t\t\t<div class=\"elementor-widget-wrap elementor-element-populated\">\n\t\t\t\t\t\t<section class=\"elementor-section elementor-inner-section elementor-element elementor-element-f7da54f elementor-section-full_width elementor-section-height-default elementor-section-height-default\" data-id=\"f7da54f\" data-element_type=\"section\">\n\t\t\t\t\t\t<div class=\"elementor-container elementor-column-gap-wider\">\n\t\t\t\t\t<div class=\"elementor-column elementor-col-100 elementor-inner-column elementor-element elementor-element-554a42f\" data-id=\"554a42f\" data-element_type=\"column\">\n\t\t\t<div class=\"elementor-widget-wrap elementor-element-populated\">\n\t\t\t\t\t\t<div class=\"elementor-element elementor-element-ce600e8 elementor-widget__width-initial e-transform elementor-widget-divider--view-line elementor-widget elementor-widget-divider\" data-id=\"ce600e8\" data-element_type=\"widget\" data-settings=\"{&quot;_transform_rotateZ_effect&quot;:{&quot;unit&quot;:&quot;px&quot;,&quot;size&quot;:90,&quot;sizes&quot;:[]},&quot;_transform_rotateZ_effect_tablet&quot;:{&quot;unit&quot;:&quot;deg&quot;,&quot;size&quot;:&quot;&quot;,&quot;sizes&quot;:[]},&quot;_transform_rotateZ_effect_mobile&quot;:{&quot;unit&quot;:&quot;deg&quot;,&quot;size&quot;:&quot;&quot;,&quot;sizes&quot;:[]}}\" data-widget_type=\"divider.default\">\n\t\t\t\t<div class=\"elementor-widget-container\">\n\t\t\t\t\t\t\t<div class=\"elementor-divider\">\n\t\t\t<span class=\"elementor-divider-separator\">\n\t\t\t\t\t\t<\/span>\n\t\t<\/div>\n\t\t\t\t\t\t<\/div>\n\t\t\t\t<\/div>\n\t\t\t\t<div class=\"elementor-element elementor-element-f6ca727 elementor-widget__width-initial elementor-widget elementor-widget-heading\" data-id=\"f6ca727\" data-element_type=\"widget\" data-widget_type=\"heading.default\">\n\t\t\t\t<div class=\"elementor-widget-container\">\n\t\t\t\t\t<h2 class=\"elementor-heading-title elementor-size-default\">Propri\u00e9taires de chevaux<\/h2>\t\t\t\t<\/div>\n\t\t\t\t<\/div>\n\t\t\t\t\t<\/div>\n\t\t<\/div>\n\t\t\t\t\t<\/div>\n\t\t<\/section>\n\t\t\t\t\t<\/div>\n\t\t<\/div>\n\t\t\t\t\t<\/div>\n\t\t<\/section>\n\t\t\t\t<section class=\"elementor-section elementor-top-section elementor-element elementor-element-8f8608c elementor-section-boxed elementor-section-height-default elementor-section-height-default\" data-id=\"8f8608c\" data-element_type=\"section\" data-settings=\"{&quot;background_background&quot;:&quot;classic&quot;}\">\n\t\t\t\t\t\t\t<div class=\"elementor-background-overlay\"><\/div>\n\t\t\t\t\t\t\t<div class=\"elementor-container elementor-column-gap-default\">\n\t\t\t\t\t<div class=\"elementor-column elementor-col-50 elementor-top-column elementor-element elementor-element-db5e4c9\" data-id=\"db5e4c9\" data-element_type=\"column\" data-settings=\"{&quot;background_background&quot;:&quot;classic&quot;}\">\n\t\t\t<div class=\"elementor-widget-wrap elementor-element-populated\">\n\t\t\t\t\t\t<div class=\"elementor-element elementor-element-007fb12 elementor-widget elementor-widget-heading\" data-id=\"007fb12\" data-element_type=\"widget\" data-widget_type=\"heading.default\">\n\t\t\t\t<div class=\"elementor-widget-container\">\n\t\t\t\t\t<h2 class=\"elementor-heading-title elementor-size-default\">Vos avantages<\/h2>\t\t\t\t<\/div>\n\t\t\t\t<\/div>\n\t\t\t\t<div class=\"elementor-element elementor-element-24d32d3 elementor-widget-divider--view-line elementor-widget elementor-widget-divider\" data-id=\"24d32d3\" data-element_type=\"widget\" data-widget_type=\"divider.default\">\n\t\t\t\t<div class=\"elementor-widget-container\">\n\t\t\t\t\t\t\t<div class=\"elementor-divider\">\n\t\t\t<span class=\"elementor-divider-separator\">\n\t\t\t\t\t\t<\/span>\n\t\t<\/div>\n\t\t\t\t\t\t<\/div>\n\t\t\t\t<\/div>\n\t\t\t\t<div class=\"elementor-element elementor-element-916eab4 elementor-widget elementor-widget-text-editor\" data-id=\"916eab4\" data-element_type=\"widget\" data-widget_type=\"text-editor.default\">\n\t\t\t\t<div class=\"elementor-widget-container\">\n\t\t\t\t\t\t\t\t\t<ul>\n<li>D\u00e9tection pr\u00e9coce des blessures (reconna\u00eetre directement les irr\u00e9gularit\u00e9s et les anomalies dans le sch\u00e9ma d&#8217;allure)<\/li><\/ul><ul>\n<li>Optimisation de l&#8217;entra\u00eenement \/ identification des troubles de la cadence et de leurs causes<\/li><\/ul><ul>\n<li>Analyse de la qualit\u00e9 de l&#8217;allure\/du mouvement du cheval (identifier les domaines \u00e0 am\u00e9liorer)<\/li><\/ul><ul>\n<li>Surveillance des progr\u00e8s (notamment apr\u00e8s des blessures lors de l&#8217;entra\u00eenement du cheval)<\/li><\/ul><ul>\n<li>Visualisation de l&#8217;allure (l&#8217;analyse peut \u00eatre utilis\u00e9e pour repr\u00e9senter visuellement l&#8217;allure du cheval et en discuter avec des sp\u00e9cialistes).<\/li>\n<\/ul>\t\t\t\t\t\t\t\t<\/div>\n\t\t\t\t<\/div>\n\t\t\t\t<div class=\"elementor-element elementor-element-f297fa6 elementor-widget elementor-widget-text-editor\" data-id=\"f297fa6\" data-element_type=\"widget\" data-widget_type=\"text-editor.default\">\n\t\t\t\t<div class=\"elementor-widget-container\">\n\t\t\t\t\t\t\t\t\t<p><strong>Il est important de noter ici que le logiciel d&#8217;IA sert d&#8217;outil d&#8217;assistance et ne remplace pas les connaissances et l&#8217;exp\u00e9rience des sp\u00e9cialistes!<\/strong><\/p><p><strong>Nous recommandons toujours une collaboration avec le v\u00e9t\u00e9rinaire de confiance.<\/strong><\/p>\t\t\t\t\t\t\t\t<\/div>\n\t\t\t\t<\/div>\n\t\t\t\t\t<\/div>\n\t\t<\/div>\n\t\t\t\t<div class=\"elementor-column elementor-col-50 elementor-top-column elementor-element elementor-element-ba4af34\" data-id=\"ba4af34\" data-element_type=\"column\" data-settings=\"{&quot;background_background&quot;:&quot;classic&quot;}\">\n\t\t\t<div class=\"elementor-widget-wrap elementor-element-populated\">\n\t\t\t\t\t\t<div class=\"elementor-element elementor-element-fc82403 elementor-widget elementor-widget-image\" data-id=\"fc82403\" data-element_type=\"widget\" data-widget_type=\"image.default\">\n\t\t\t\t<div class=\"elementor-widget-container\">\n\t\t\t\t\t\t\t\t\t\t\t\t\t\t\t<img fetchpriority=\"high\" decoding=\"async\" width=\"685\" height=\"1024\" src=\"https:\/\/focus-horse.de\/fh-content\/uploads\/2024\/06\/Gross-AdobeStock_20226117-685x1024.jpeg\" class=\"attachment-large size-large wp-image-8216\" alt=\"Lahmheit erkennen Pferd\" srcset=\"https:\/\/focus-horse.de\/fh-content\/uploads\/2024\/06\/Gross-AdobeStock_20226117-685x1024.jpeg 685w, https:\/\/focus-horse.de\/fh-content\/uploads\/2024\/06\/Gross-AdobeStock_20226117-201x300.jpeg 201w, https:\/\/focus-horse.de\/fh-content\/uploads\/2024\/06\/Gross-AdobeStock_20226117-768x1148.jpeg 768w, https:\/\/focus-horse.de\/fh-content\/uploads\/2024\/06\/Gross-AdobeStock_20226117.jpeg 856w\" sizes=\"(max-width: 685px) 100vw, 685px\" \/>\t\t\t\t\t\t\t\t\t\t\t\t\t\t\t<\/div>\n\t\t\t\t<\/div>\n\t\t\t\t\t<\/div>\n\t\t<\/div>\n\t\t\t\t\t<\/div>\n\t\t<\/section>\n\t\t\t\t<section class=\"elementor-section elementor-top-section elementor-element elementor-element-5e5d1b4 elementor-reverse-mobile elementor-section-boxed elementor-section-height-default elementor-section-height-default\" data-id=\"5e5d1b4\" data-element_type=\"section\" data-settings=\"{&quot;background_background&quot;:&quot;classic&quot;}\">\n\t\t\t\t\t\t<div class=\"elementor-container elementor-column-gap-default\">\n\t\t\t\t\t<div class=\"elementor-column elementor-col-50 elementor-top-column elementor-element elementor-element-18fdaed\" data-id=\"18fdaed\" data-element_type=\"column\">\n\t\t\t<div class=\"elementor-widget-wrap elementor-element-populated\">\n\t\t\t\t\t\t<div class=\"elementor-element elementor-element-aedc950 elementor-widget__width-initial elementor-widget elementor-widget-image\" data-id=\"aedc950\" data-element_type=\"widget\" data-widget_type=\"image.default\">\n\t\t\t\t<div class=\"elementor-widget-container\">\n\t\t\t\t\t\t\t\t\t\t\t\t\t\t\t<img decoding=\"async\" width=\"480\" height=\"640\" src=\"https:\/\/focus-horse.de\/fh-content\/uploads\/2024\/02\/Mittel-IMG_0919.jpeg\" class=\"attachment-full size-full wp-image-5703\" alt=\"\" srcset=\"https:\/\/focus-horse.de\/fh-content\/uploads\/2024\/02\/Mittel-IMG_0919.jpeg 480w, https:\/\/focus-horse.de\/fh-content\/uploads\/2024\/02\/Mittel-IMG_0919-225x300.jpeg 225w\" sizes=\"(max-width: 480px) 100vw, 480px\" \/>\t\t\t\t\t\t\t\t\t\t\t\t\t\t\t<\/div>\n\t\t\t\t<\/div>\n\t\t\t\t\t<\/div>\n\t\t<\/div>\n\t\t\t\t<div class=\"elementor-column elementor-col-50 elementor-top-column elementor-element elementor-element-33bcd24\" data-id=\"33bcd24\" data-element_type=\"column\">\n\t\t\t<div class=\"elementor-widget-wrap elementor-element-populated\">\n\t\t\t\t\t\t<div class=\"elementor-element elementor-element-10b2645 elementor-widget elementor-widget-heading\" data-id=\"10b2645\" data-element_type=\"widget\" data-widget_type=\"heading.default\">\n\t\t\t\t<div class=\"elementor-widget-container\">\n\t\t\t\t\t<h2 class=\"elementor-heading-title elementor-size-default\">Avoir des chevaux, c'est une grande responsabilit\u00e9<\/h2>\t\t\t\t<\/div>\n\t\t\t\t<\/div>\n\t\t\t\t<div class=\"elementor-element elementor-element-505aee6 elementor-widget elementor-widget-text-editor\" data-id=\"505aee6\" data-element_type=\"widget\" data-widget_type=\"text-editor.default\">\n\t\t\t\t<div class=\"elementor-widget-container\">\n\t\t\t\t\t\t\t\t\t<p>Avec un cheval, le propri\u00e9taire a acquis une grande part de responsabilit\u00e9. Et \u00e0 partir de maintenant, il s&#8217;agit de veiller chaque jour au bien-\u00eatre de l&#8217;animal bien-aim\u00e9.<\/p><p>C&#8217;est d&#8217;autant plus grave si quelque chose ne va pas et que l&#8217;animal ne &#8222;tourne pas rond&#8220; ! Pour ne pas surcharger le cheval, la d\u00e9tection pr\u00e9coce des probl\u00e8mes de sant\u00e9 &#8211; notamment des troubles de la marche &#8211; joue un r\u00f4le essentiel ! Seuls les probl\u00e8mes d\u00e9tect\u00e9s \u00e0 temps peuvent \u00eatre trait\u00e9s \u00e0 temps et \u00e9viter des dommages importants. Dans le cas de nombreuses boiteries, la recherche de la cause s&#8217;apparente toutefois \u00e0 la recherche de la fameuse &#8222;aiguille dans une botte de foin&#8220;.<\/p><p>Car soyons honn\u00eates : reconna\u00eetre une boiterie l\u00e9g\u00e8re \u00e0 mod\u00e9r\u00e9e (avec d\u00e9limitation de laquelle des quatre pattes le probl\u00e8me se situe exactement) sur un cheval est tout d&#8217;abord difficile pour les propri\u00e9taires, mais aussi pour les v\u00e9t\u00e9rinaires ! C&#8217;est pourquoi il est recommand\u00e9 d&#8217;enregistrer r\u00e9guli\u00e8rement le cheval et de comparer le mat\u00e9riel vid\u00e9o disponible et les \u00e9valuations correspondantes. On constate alors souvent que le cheval marchait peut-\u00eatre diff\u00e9remment il y a quelques mois et que les probl\u00e8mes auraient pu \u00eatre \u00e9vit\u00e9s.<\/p>\t\t\t\t\t\t\t\t<\/div>\n\t\t\t\t<\/div>\n\t\t\t\t\t<\/div>\n\t\t<\/div>\n\t\t\t\t\t<\/div>\n\t\t<\/section>\n\t\t\t\t<\/div>\n\t\t","protected":false},"excerpt":{"rendered":"<p>Propri\u00e9taires de chevaux Vos avantages D\u00e9tection pr\u00e9coce des blessures (reconna\u00eetre directement les irr\u00e9gularit\u00e9s et les anomalies dans le sch\u00e9ma d&#8217;allure) Optimisation de l&#8217;entra\u00eenement \/ identification des troubles de la cadence et de leurs causes Analyse de la qualit\u00e9 de l&#8217;allure\/du mouvement du cheval (identifier les domaines \u00e0 am\u00e9liorer) Surveillance des progr\u00e8s (notamment apr\u00e8s des blessures [&hellip;]<\/p>\n","protected":false},"author":1,"featured_media":0,"parent":0,"menu_order":0,"comment_status":"closed","ping_status":"closed","template":"","meta":{"ocean_post_layout":"full-screen","ocean_both_sidebars_style":"","ocean_both_sidebars_content_width":0,"ocean_both_sidebars_sidebars_width":0,"ocean_sidebar":"","ocean_second_sidebar":"","ocean_disable_margins":"enable","ocean_add_body_class":"","ocean_shortcode_before_top_bar":"","ocean_shortcode_after_top_bar":"","ocean_shortcode_before_header":"","ocean_shortcode_after_header":"","ocean_has_shortcode":"","ocean_shortcode_after_title":"","ocean_shortcode_before_footer_widgets":"","ocean_shortcode_after_footer_widgets":"","ocean_shortcode_before_footer_bottom":"","ocean_shortcode_after_footer_bottom":"","ocean_display_top_bar":"off","ocean_display_header":"off","ocean_header_style":"","ocean_center_header_left_menu":"","ocean_custom_header_template":"","ocean_custom_logo":0,"ocean_custom_retina_logo":0,"ocean_custom_logo_max_width":0,"ocean_custom_logo_tablet_max_width":0,"ocean_custom_logo_mobile_max_width":0,"ocean_custom_logo_max_height":0,"ocean_custom_logo_tablet_max_height":0,"ocean_custom_logo_mobile_max_height":0,"ocean_header_custom_menu":"","ocean_menu_typo_font_family":"","ocean_menu_typo_font_subset":"","ocean_menu_typo_font_size":0,"ocean_menu_typo_font_size_tablet":0,"ocean_menu_typo_font_size_mobile":0,"ocean_menu_typo_font_size_unit":"px","ocean_menu_typo_font_weight":"","ocean_menu_typo_font_weight_tablet":"","ocean_menu_typo_font_weight_mobile":"","ocean_menu_typo_transform":"","ocean_menu_typo_transform_tablet":"","ocean_menu_typo_transform_mobile":"","ocean_menu_typo_line_height":0,"ocean_menu_typo_line_height_tablet":0,"ocean_menu_typo_line_height_mobile":0,"ocean_menu_typo_line_height_unit":"","ocean_menu_typo_spacing":0,"ocean_menu_typo_spacing_tablet":0,"ocean_menu_typo_spacing_mobile":0,"ocean_menu_typo_spacing_unit":"","ocean_menu_link_color":"","ocean_menu_link_color_hover":"","ocean_menu_link_color_active":"","ocean_menu_link_background":"","ocean_menu_link_hover_background":"","ocean_menu_link_active_background":"","ocean_menu_social_links_bg":"","ocean_menu_social_hover_links_bg":"","ocean_menu_social_links_color":"","ocean_menu_social_hover_links_color":"","ocean_disable_title":"on","ocean_disable_heading":"default","ocean_post_title":"","ocean_post_subheading":"","ocean_post_title_style":"","ocean_post_title_background_color":"","ocean_post_title_background":0,"ocean_post_title_bg_image_position":"","ocean_post_title_bg_image_attachment":"","ocean_post_title_bg_image_repeat":"","ocean_post_title_bg_image_size":"","ocean_post_title_height":0,"ocean_post_title_bg_overlay":0.5,"ocean_post_title_bg_overlay_color":"","ocean_disable_breadcrumbs":"default","ocean_breadcrumbs_color":"","ocean_breadcrumbs_separator_color":"","ocean_breadcrumbs_links_color":"","ocean_breadcrumbs_links_hover_color":"","ocean_display_footer_widgets":"off","ocean_display_footer_bottom":"off","ocean_custom_footer_template":"","footnotes":""},"class_list":["post-6048","page","type-page","status-publish","hentry","entry"],"yoast_head":"<!-- This site is optimized with the Yoast SEO plugin v24.2 - https:\/\/yoast.com\/wordpress\/plugins\/seo\/ -->\n<title>Propri\u00e9taires de chevaux - focus horse<\/title>\n<meta name=\"robots\" content=\"index, follow, max-snippet:-1, max-image-preview:large, max-video-preview:-1\" \/>\n<link rel=\"canonical\" href=\"https:\/\/focus-horse.de\/index.php\/fr\/proprietaires-de-chevaux\/\" \/>\n<meta property=\"og:locale\" content=\"de_DE\" \/>\n<meta property=\"og:type\" content=\"article\" \/>\n<meta property=\"og:title\" content=\"Propri\u00e9taires de chevaux - focus horse\" \/>\n<meta property=\"og:description\" content=\"Propri\u00e9taires de chevaux Vos avantages D\u00e9tection pr\u00e9coce des blessures (reconna\u00eetre directement les irr\u00e9gularit\u00e9s et les anomalies dans le sch\u00e9ma d&#8217;allure) Optimisation de l&#8217;entra\u00eenement \/ identification des troubles de la cadence et de leurs causes Analyse de la qualit\u00e9 de l&#8217;allure\/du mouvement du cheval (identifier les domaines \u00e0 am\u00e9liorer) Surveillance des progr\u00e8s (notamment apr\u00e8s des blessures [&hellip;]\" \/>\n<meta property=\"og:url\" content=\"https:\/\/focus-horse.de\/index.php\/fr\/proprietaires-de-chevaux\/\" \/>\n<meta property=\"og:site_name\" content=\"focus horse\" \/>\n<meta property=\"article:modified_time\" content=\"2024-07-22T13:41:41+00:00\" \/>\n<meta property=\"og:image\" content=\"https:\/\/focus-horse.de\/fh-content\/uploads\/2024\/06\/Gross-AdobeStock_20226117-685x1024.jpeg\" \/>\n<meta name=\"twitter:card\" content=\"summary_large_image\" \/>\n<meta name=\"twitter:label1\" content=\"Gesch\u00e4tzte Lesezeit\" \/>\n\t<meta name=\"twitter:data1\" content=\"3 Minuten\" \/>\n<script type=\"application\/ld+json\" class=\"yoast-schema-graph\">{\"@context\":\"https:\/\/schema.org\",\"@graph\":[{\"@type\":\"WebPage\",\"@id\":\"https:\/\/focus-horse.de\/index.php\/fr\/proprietaires-de-chevaux\/\",\"url\":\"https:\/\/focus-horse.de\/index.php\/fr\/proprietaires-de-chevaux\/\",\"name\":\"Propri\u00e9taires de chevaux - focus horse\",\"isPartOf\":{\"@id\":\"https:\/\/focus-horse.de\/#website\"},\"primaryImageOfPage\":{\"@id\":\"https:\/\/focus-horse.de\/index.php\/fr\/proprietaires-de-chevaux\/#primaryimage\"},\"image\":{\"@id\":\"https:\/\/focus-horse.de\/index.php\/fr\/proprietaires-de-chevaux\/#primaryimage\"},\"thumbnailUrl\":\"https:\/\/focus-horse.de\/fh-content\/uploads\/2024\/06\/Gross-AdobeStock_20226117-685x1024.jpeg\",\"datePublished\":\"2024-02-08T07:41:59+00:00\",\"dateModified\":\"2024-07-22T13:41:41+00:00\",\"breadcrumb\":{\"@id\":\"https:\/\/focus-horse.de\/index.php\/fr\/proprietaires-de-chevaux\/#breadcrumb\"},\"inLanguage\":\"de\",\"potentialAction\":[{\"@type\":\"ReadAction\",\"target\":[\"https:\/\/focus-horse.de\/index.php\/fr\/proprietaires-de-chevaux\/\"]}]},{\"@type\":\"ImageObject\",\"inLanguage\":\"de\",\"@id\":\"https:\/\/focus-horse.de\/index.php\/fr\/proprietaires-de-chevaux\/#primaryimage\",\"url\":\"https:\/\/focus-horse.de\/fh-content\/uploads\/2024\/06\/Gross-AdobeStock_20226117.jpeg\",\"contentUrl\":\"https:\/\/focus-horse.de\/fh-content\/uploads\/2024\/06\/Gross-AdobeStock_20226117.jpeg\",\"width\":856,\"height\":1280,\"caption\":\"Lahmheit erkennen Pferd\"},{\"@type\":\"BreadcrumbList\",\"@id\":\"https:\/\/focus-horse.de\/index.php\/fr\/proprietaires-de-chevaux\/#breadcrumb\",\"itemListElement\":[{\"@type\":\"ListItem\",\"position\":1,\"name\":\"Startseite\",\"item\":\"https:\/\/focus-horse.de\/\"},{\"@type\":\"ListItem\",\"position\":2,\"name\":\"Propri\u00e9taires de chevaux\"}]},{\"@type\":\"WebSite\",\"@id\":\"https:\/\/focus-horse.de\/#website\",\"url\":\"https:\/\/focus-horse.de\/\",\"name\":\"focus horse\",\"description\":\"Gang- Lahmheits- und Reiteranalysen mit Hilfe k\u00fcnstlicher Intelligenz\",\"publisher\":{\"@id\":\"https:\/\/focus-horse.de\/#organization\"},\"potentialAction\":[{\"@type\":\"SearchAction\",\"target\":{\"@type\":\"EntryPoint\",\"urlTemplate\":\"https:\/\/focus-horse.de\/?s={search_term_string}\"},\"query-input\":{\"@type\":\"PropertyValueSpecification\",\"valueRequired\":true,\"valueName\":\"search_term_string\"}}],\"inLanguage\":\"de\"},{\"@type\":\"Organization\",\"@id\":\"https:\/\/focus-horse.de\/#organization\",\"name\":\"focus horse\",\"url\":\"https:\/\/focus-horse.de\/\",\"logo\":{\"@type\":\"ImageObject\",\"inLanguage\":\"de\",\"@id\":\"https:\/\/focus-horse.de\/#\/schema\/logo\/image\/\",\"url\":\"https:\/\/focus-horse.de\/fh-content\/uploads\/2023\/07\/Focus-horse_Favicon.png\",\"contentUrl\":\"https:\/\/focus-horse.de\/fh-content\/uploads\/2023\/07\/Focus-horse_Favicon.png\",\"width\":1000,\"height\":1000,\"caption\":\"focus horse\"},\"image\":{\"@id\":\"https:\/\/focus-horse.de\/#\/schema\/logo\/image\/\"}}]}<\/script>\n<!-- \/ Yoast SEO plugin. -->","yoast_head_json":{"title":"Propri\u00e9taires de chevaux - focus horse","robots":{"index":"index","follow":"follow","max-snippet":"max-snippet:-1","max-image-preview":"max-image-preview:large","max-video-preview":"max-video-preview:-1"},"canonical":"https:\/\/focus-horse.de\/index.php\/fr\/proprietaires-de-chevaux\/","og_locale":"de_DE","og_type":"article","og_title":"Propri\u00e9taires de chevaux - focus horse","og_description":"Propri\u00e9taires de chevaux Vos avantages D\u00e9tection pr\u00e9coce des blessures (reconna\u00eetre directement les irr\u00e9gularit\u00e9s et les anomalies dans le sch\u00e9ma d&#8217;allure) Optimisation de l&#8217;entra\u00eenement \/ identification des troubles de la cadence et de leurs causes Analyse de la qualit\u00e9 de l&#8217;allure\/du mouvement du cheval (identifier les domaines \u00e0 am\u00e9liorer) Surveillance des progr\u00e8s (notamment apr\u00e8s des blessures [&hellip;]","og_url":"https:\/\/focus-horse.de\/index.php\/fr\/proprietaires-de-chevaux\/","og_site_name":"focus horse","article_modified_time":"2024-07-22T13:41:41+00:00","og_image":[{"url":"https:\/\/focus-horse.de\/fh-content\/uploads\/2024\/06\/Gross-AdobeStock_20226117-685x1024.jpeg","type":"","width":"","height":""}],"twitter_card":"summary_large_image","twitter_misc":{"Gesch\u00e4tzte Lesezeit":"3 Minuten"},"schema":{"@context":"https:\/\/schema.org","@graph":[{"@type":"WebPage","@id":"https:\/\/focus-horse.de\/index.php\/fr\/proprietaires-de-chevaux\/","url":"https:\/\/focus-horse.de\/index.php\/fr\/proprietaires-de-chevaux\/","name":"Propri\u00e9taires de chevaux - focus horse","isPartOf":{"@id":"https:\/\/focus-horse.de\/#website"},"primaryImageOfPage":{"@id":"https:\/\/focus-horse.de\/index.php\/fr\/proprietaires-de-chevaux\/#primaryimage"},"image":{"@id":"https:\/\/focus-horse.de\/index.php\/fr\/proprietaires-de-chevaux\/#primaryimage"},"thumbnailUrl":"https:\/\/focus-horse.de\/fh-content\/uploads\/2024\/06\/Gross-AdobeStock_20226117-685x1024.jpeg","datePublished":"2024-02-08T07:41:59+00:00","dateModified":"2024-07-22T13:41:41+00:00","breadcrumb":{"@id":"https:\/\/focus-horse.de\/index.php\/fr\/proprietaires-de-chevaux\/#breadcrumb"},"inLanguage":"de","potentialAction":[{"@type":"ReadAction","target":["https:\/\/focus-horse.de\/index.php\/fr\/proprietaires-de-chevaux\/"]}]},{"@type":"ImageObject","inLanguage":"de","@id":"https:\/\/focus-horse.de\/index.php\/fr\/proprietaires-de-chevaux\/#primaryimage","url":"https:\/\/focus-horse.de\/fh-content\/uploads\/2024\/06\/Gross-AdobeStock_20226117.jpeg","contentUrl":"https:\/\/focus-horse.de\/fh-content\/uploads\/2024\/06\/Gross-AdobeStock_20226117.jpeg","width":856,"height":1280,"caption":"Lahmheit erkennen Pferd"},{"@type":"BreadcrumbList","@id":"https:\/\/focus-horse.de\/index.php\/fr\/proprietaires-de-chevaux\/#breadcrumb","itemListElement":[{"@type":"ListItem","position":1,"name":"Startseite","item":"https:\/\/focus-horse.de\/"},{"@type":"ListItem","position":2,"name":"Propri\u00e9taires de chevaux"}]},{"@type":"WebSite","@id":"https:\/\/focus-horse.de\/#website","url":"https:\/\/focus-horse.de\/","name":"focus horse","description":"Gang- Lahmheits- und Reiteranalysen mit Hilfe k\u00fcnstlicher Intelligenz","publisher":{"@id":"https:\/\/focus-horse.de\/#organization"},"potentialAction":[{"@type":"SearchAction","target":{"@type":"EntryPoint","urlTemplate":"https:\/\/focus-horse.de\/?s={search_term_string}"},"query-input":{"@type":"PropertyValueSpecification","valueRequired":true,"valueName":"search_term_string"}}],"inLanguage":"de"},{"@type":"Organization","@id":"https:\/\/focus-horse.de\/#organization","name":"focus horse","url":"https:\/\/focus-horse.de\/","logo":{"@type":"ImageObject","inLanguage":"de","@id":"https:\/\/focus-horse.de\/#\/schema\/logo\/image\/","url":"https:\/\/focus-horse.de\/fh-content\/uploads\/2023\/07\/Focus-horse_Favicon.png","contentUrl":"https:\/\/focus-horse.de\/fh-content\/uploads\/2023\/07\/Focus-horse_Favicon.png","width":1000,"height":1000,"caption":"focus horse"},"image":{"@id":"https:\/\/focus-horse.de\/#\/schema\/logo\/image\/"}}]}},"_links":{"self":[{"href":"https:\/\/focus-horse.de\/index.php\/wp-json\/wp\/v2\/pages\/6048","targetHints":{"allow":["GET"]}}],"collection":[{"href":"https:\/\/focus-horse.de\/index.php\/wp-json\/wp\/v2\/pages"}],"about":[{"href":"https:\/\/focus-horse.de\/index.php\/wp-json\/wp\/v2\/types\/page"}],"author":[{"embeddable":true,"href":"https:\/\/focus-horse.de\/index.php\/wp-json\/wp\/v2\/users\/1"}],"replies":[{"embeddable":true,"href":"https:\/\/focus-horse.de\/index.php\/wp-json\/wp\/v2\/comments?post=6048"}],"version-history":[{"count":47,"href":"https:\/\/focus-horse.de\/index.php\/wp-json\/wp\/v2\/pages\/6048\/revisions"}],"predecessor-version":[{"id":8328,"href":"https:\/\/focus-horse.de\/index.php\/wp-json\/wp\/v2\/pages\/6048\/revisions\/8328"}],"wp:attachment":[{"href":"https:\/\/focus-horse.de\/index.php\/wp-json\/wp\/v2\/media?parent=6048"}],"curies":[{"name":"wp","href":"https:\/\/api.w.org\/{rel}","templated":true}]}}