{"id":9198,"date":"2025-05-28T10:15:05","date_gmt":"2025-05-28T10:15:05","guid":{"rendered":"https:\/\/focus-horse.de\/?page_id=9198"},"modified":"2025-05-28T10:19:24","modified_gmt":"2025-05-28T10:19:24","slug":"agb","status":"publish","type":"page","link":"https:\/\/focus-horse.de\/index.php\/agb\/","title":{"rendered":"AGB"},"content":{"rendered":"\t\t<div data-elementor-type=\"wp-page\" data-elementor-id=\"9198\" class=\"elementor elementor-9198\">\n\t\t\t\t\t\t<section class=\"elementor-section elementor-top-section elementor-element elementor-element-19a6760e elementor-section-boxed elementor-section-height-default elementor-section-height-default\" data-id=\"19a6760e\" data-element_type=\"section\" data-settings=\"{&quot;background_background&quot;:&quot;classic&quot;}\">\n\t\t\t\t\t\t\t<div class=\"elementor-background-overlay\"><\/div>\n\t\t\t\t\t\t\t<div class=\"elementor-container elementor-column-gap-default\">\n\t\t\t\t\t<div class=\"elementor-column elementor-col-100 elementor-top-column elementor-element elementor-element-60b22f97\" data-id=\"60b22f97\" data-element_type=\"column\" data-settings=\"{&quot;background_background&quot;:&quot;classic&quot;}\">\n\t\t\t<div class=\"elementor-widget-wrap elementor-element-populated\">\n\t\t\t\t\t\t<section class=\"elementor-section elementor-inner-section elementor-element elementor-element-70cc1bad elementor-section-full_width elementor-section-height-default elementor-section-height-default\" data-id=\"70cc1bad\" data-element_type=\"section\">\n\t\t\t\t\t\t<div class=\"elementor-container elementor-column-gap-wider\">\n\t\t\t\t\t<div class=\"elementor-column elementor-col-100 elementor-inner-column elementor-element elementor-element-4cf822c6\" data-id=\"4cf822c6\" data-element_type=\"column\">\n\t\t\t<div class=\"elementor-widget-wrap elementor-element-populated\">\n\t\t\t\t\t\t<div class=\"elementor-element elementor-element-715f5571 elementor-widget__width-initial e-transform elementor-widget-divider--view-line elementor-widget elementor-widget-divider\" data-id=\"715f5571\" data-element_type=\"widget\" data-settings=\"{&quot;_transform_rotateZ_effect&quot;:{&quot;unit&quot;:&quot;px&quot;,&quot;size&quot;:90,&quot;sizes&quot;:[]},&quot;_transform_rotateZ_effect_tablet&quot;:{&quot;unit&quot;:&quot;deg&quot;,&quot;size&quot;:&quot;&quot;,&quot;sizes&quot;:[]},&quot;_transform_rotateZ_effect_mobile&quot;:{&quot;unit&quot;:&quot;deg&quot;,&quot;size&quot;:&quot;&quot;,&quot;sizes&quot;:[]}}\" data-widget_type=\"divider.default\">\n\t\t\t\t<div class=\"elementor-widget-container\">\n\t\t\t\t\t\t\t<div class=\"elementor-divider\">\n\t\t\t<span class=\"elementor-divider-separator\">\n\t\t\t\t\t\t<\/span>\n\t\t<\/div>\n\t\t\t\t\t\t<\/div>\n\t\t\t\t<\/div>\n\t\t\t\t<div class=\"elementor-element elementor-element-6c8b1406 elementor-widget__width-initial elementor-widget elementor-widget-heading\" data-id=\"6c8b1406\" data-element_type=\"widget\" data-widget_type=\"heading.default\">\n\t\t\t\t<div class=\"elementor-widget-container\">\n\t\t\t\t\t<h2 class=\"elementor-heading-title elementor-size-default\">AGB<\/h2>\t\t\t\t<\/div>\n\t\t\t\t<\/div>\n\t\t\t\t\t<\/div>\n\t\t<\/div>\n\t\t\t\t\t<\/div>\n\t\t<\/section>\n\t\t\t\t\t<\/div>\n\t\t<\/div>\n\t\t\t\t\t<\/div>\n\t\t<\/section>\n\t\t\t\t<section class=\"elementor-section elementor-top-section elementor-element elementor-element-15625bd6 elementor-section-boxed elementor-section-height-default elementor-section-height-default\" data-id=\"15625bd6\" data-element_type=\"section\" data-settings=\"{&quot;background_background&quot;:&quot;classic&quot;}\">\n\t\t\t\t\t\t<div class=\"elementor-container elementor-column-gap-default\">\n\t\t\t\t\t<div class=\"elementor-column elementor-col-100 elementor-top-column elementor-element elementor-element-78545f92\" data-id=\"78545f92\" data-element_type=\"column\">\n\t\t\t<div class=\"elementor-widget-wrap elementor-element-populated\">\n\t\t\t\t\t\t<div class=\"elementor-element elementor-element-f79e42f elementor-widget elementor-widget-heading\" data-id=\"f79e42f\" data-element_type=\"widget\" data-widget_type=\"heading.default\">\n\t\t\t\t<div class=\"elementor-widget-container\">\n\t\t\t\t\t<h2 class=\"elementor-heading-title elementor-size-default\">Allgemeine Gesch\u00e4ftsbedingungen<\/h2>\t\t\t\t<\/div>\n\t\t\t\t<\/div>\n\t\t\t\t<div class=\"elementor-element elementor-element-720860f1 elementor-widget elementor-widget-text-editor\" data-id=\"720860f1\" data-element_type=\"widget\" data-widget_type=\"text-editor.default\">\n\t\t\t\t<div class=\"elementor-widget-container\">\n\t\t\t\t\t\t\t\t\t<p><strong>Allgemeine Gesch\u00e4ftsbedingungen der Vierkant Software GmbH<\/strong><\/p><p>\u00a7 1 Geltungsbereich der Allgemeinen Gesch\u00e4ftsbedingungen (kurz: AGB)<\/p><p>(1.) Die nachstehenden AGB gelten f\u00fcr die Vertr\u00e4ge zwischen der Vierkant Software GmbH und deren Kunden zur Softwarenutzung.<\/p><p>\u00a7 2 Zustandekommen des Vertrages<\/p><p>(1.) Der Vertrag zwischen der Vierkant Software GmbH und deren Kunden kommt nach Pr\u00fcfung der Bestellung und anschlie\u00dfender Zusendung der Zugangsdaten durch die Vierkant Software GmbH zustande.<\/p><p>(2.) Grundlage f\u00fcr den zustande gekommenen Vertrag zwischen der Vierkant Software GmbH und deren Kunden ist die Bestellung zur Nutzung der Software durch den Kunden.<\/p><p>\u00a7 3 Leistungsbeschreibung und Leistungsumfang<\/p><p>(1.) Der Kunde erh\u00e4lt die Software in einem zum vertragsm\u00e4\u00dfen Gebrauch geeigneten Zustand, in Form eines Zuganges zur Onlinenutzung zur Verf\u00fcgung gestellt. Der Kunde erh\u00e4lt au\u00dferdem eine Kurzdokumentation im PDF-Format.<\/p><p>(2.) Die Nutzung der Software erfolgt nur zum vertragsgem\u00e4\u00dfen Gebrauch.<\/p><p>(3.) Eine Einweisung in die Bedienung der Software erfolgt nur nach Vereinbarung und ist separat zu verg\u00fcten.<\/p><p>(4). Die Vierkant Software GmbH ist im Rahmen der gesetzlichen Regelungen verpflichtet, die Software instand zu halten und bei aufgetretenen M\u00e4ngeln wieder instand zu setzen. Anpassungen bzw. \u00c4nderungen der Software sowie die Erstellung von Schnittstellen zu Dritt-Programmen sind ausschlie\u00dflich in den Grenzen dieser Vereinbarung geschuldet.<\/p><p>Dar\u00fcber hinaus k\u00f6nnen Anpassungen bzw. \u00c4nderungen der Software nur zu angemessenen und markt\u00fcblichen Konditionen zwischen den Parteien vereinbart werden.<\/p><p>(5.) Die Software erh\u00e4lt in regelm\u00e4\u00dfigen Abst\u00e4nden ein Programm-Update.<\/p><p>(6.) Die Vierkant Software GmbH stellt dem Kunden einen telefonischen oder per Email zu erreichenden \u201eHotline-Service\u201c (montags bis freitags von 10.00 Uhr bis 12.00 Uhr und von 14.00 Uhr bis 16.00 Uhr, au\u00dfer an gesetzlichen Feiertagen in Nordrhein-Westfalen, an Heiligabend und an Silvester) zur Verf\u00fcgung, um dem Kunden bei Anwendungs- und Verst\u00e4ndnisproblemen weiterzuhelfen.<\/p><p>Dieser Service ist jedoch nicht f\u00fcr Software-Schulungen oder Einweisungen in Programmfunktionen bestimmt.<\/p><p>Im Rahmen dieses \u201eHotline-Service\u201c kann der Kunde einen kostenlosen Fernwartungsdienst in Anspruch nehmen.<\/p><p>Au\u00dferhalb des \u201eHotline-Service\u201c und der M\u00e4ngelbeseitigung werden Beratungsleistungen von der Vierkant Software GmbH nur aufgrund gesonderter Vereinbarung gegen Verg\u00fctung erbracht.<\/p><p>\u00a7 4 Kosten<\/p><p>(1.) Die Kosten und deren Zahlungsweise werden auf Grundlage der ausgef\u00fcllten und unterschriebenen Bestellung per Lastschrift im Voraus eingezogen.<\/p><p>\u00a7 5 Nutzungsrecht, Vervielf\u00e4ltigung, \u00dcberlassung an Dritte<\/p><p>(1.) Die Vierkant Software GmbH r\u00e4umt dem Kunden das einfache, nicht \u00fcbertragbare Recht ein, die Software \u00fcber den Zugang der Onlinenutzung zum vorausgesetzten vertraglichen Zweck nach Ma\u00dfgabe der nachfolgenden Bestimmungen befristet f\u00fcr die Dauer des vereinbarten Vertrages zu nutzen.<\/p><p>(2.) Die maximale Nutzeranzahl wird durch den Kunden bei Bestellung angegeben und auf dem Bestellformular festgehalten. Sollte die maximale Nutzeranzahl sich \u00e4ndern, ist dies unverz\u00fcglich der Vierkant Software GmbH mitzuteilen.<\/p><p>(3.) Das Recht auf Vervielf\u00e4ltigung obliegt ausschlie\u00dflich der Vierkant Software GmbH.<\/p><p>(4.) Eine Nutzung der gemieteten Software an Dritte ist nicht zul\u00e4ssig.<\/p><p>\u00a7 6 Pflichten und Mitwirkung des Kunden<\/p><p>(1.) Der Kunde hat in seinem Verantwortungsbereich alle erforderlichen Ma\u00dfnahmen zu ergreifen, insbesondere die Vierkant Software GmbH mit allen Informationen zu versorgen, damit die \u00dcberlassung und vertragsgem\u00e4\u00dfe Nutzung der Software durchgehend gew\u00e4hrleistet ist.<\/p><p>Dar\u00fcber hinaus soll der Kunde eine generelle Ansprechperson zu Fragen der Software und der Vertragsabwicklung benennen.<\/p><p>(2.) Der Kunde ist f\u00fcr den Inhalt der von ihm und\/oder den weiteren autorisierten Nutzern in die Software eingestellten oder von diesem erzeugten Daten vollst\u00e4ndig allein verantwortlich. Die Vierkant Software GmbH nimmt insoweit keine \u00dcberpr\u00fcfung dieser Daten vor.<\/p><p>\u00a7 7 Rechte des Kunden bei M\u00e4ngeln<\/p><p>(1.) Die Behebung von M\u00e4ngeln erfolgt nach Wahl der Vierkant Software GmbH durch kostenfreie Nachbesserung oder Ersatzlieferung.<\/p><p>(2.) Der Kunde hat bei Nachweis nicht erbrachter Leistung durch die Vierkant Software GmbH ein Sonderk\u00fcndigungsrecht. Dieses Sonderk\u00fcndigungsrecht kann der Kunde unter Einhaltung einer K\u00fcndigungsfrist von vier Wochen zum Monatsende ab dem Tag der Kenntnisnahme in Anspruch nehmen.<\/p><p>(3.) Sollte der Mangel durch \u00c4nderungen des Kunden entstanden sein, so erl\u00f6schen seine Rechte.<\/p><p>\u00a7 8 Haftungsbeschr\u00e4nkungen<\/p><p>(1.) Die Vierkant Software GmbH haftet unbeschr\u00e4nkt in F\u00e4llen zwingender gesetzlicher Haftung, f\u00fcr vors\u00e4tzliches Handeln oder Unterlassen von der Vierkant Software GmbH, ihrer gesetzlichen Vertreter und Erf\u00fcllungsgehilfen, sowie f\u00fcr Schaden wegen der Verletzung des Lebens, des K\u00f6rpers oder der Gesundheit f\u00fcr Sch\u00e4den, die unter eine gew\u00e4hrte Garantie fallen.<\/p><p>(2.) Im Fall von grober Fahrl\u00e4ssigkeit der gesetzlichen Vertreter und leitenden Angestellten der Vierkant Software GmbH haftet diese unbegrenzt. Im Fall einer grob fahrl\u00e4ssigen Verletzung von Pflichten durch Erf\u00fcllungsgehilfen ist die Haftung auf Ersatz des vertragstypischen, vorhersehbaren Schadens begrenzt.<\/p><p>(3.) Bei leichter Fahrl\u00e4ssigkeit haftet die Vierkant Software GmbH nur f\u00fcr Sch\u00e4den, die auf wesentliche Pflichtverletzungen, die die Erreichung des Vertragszwecks gef\u00e4hrden, zur\u00fcckzuf\u00fchren sind, oder auf die Verletzung von Pflichten, deren Erf\u00fcllung ordnungsgem\u00e4\u00dfe Vertragsdurchf\u00fchrung erst erm\u00f6glicht. Die Haftung ist dabei auf den vertragstypischen, vorhersehbaren Schaden beschr\u00e4nkt. Dies gilt f\u00fcr alle Schadensersatzanspr\u00fcche gleich aus welchem Rechtsgrund, einschlie\u00dflich Anspr\u00fcchen aus unerlaubter Handlung.<\/p><p>(4.) Die verschuldensunabh\u00e4ngige Haftung nach \u00a7 536a Abs. 1 1. Alternative BGB wegen M\u00e4ngeln, die bereits zum Zeitpunkt des Vertragsschlusses vorhanden sind, ist ausgeschlossen.<\/p><p>\u00a7 9 Vertragslaufzeit, Beendigung des Vertragsverh\u00e4ltnisses<\/p><p>(1.) Die Vertragslaufzeit ist unbefristet ab Eingang der Bestellung.<\/p><p>(2.) Der Vertragsverh\u00e4ltnis kann mit einer Frist von sechs Wochen zum Quartalsende gek\u00fcndigt werden.<\/p><p>(3.) Die K\u00fcndigung bedarf der Schriftform.<\/p><p>\u00a7 10 R\u00fcckgabe<\/p><p>(1.) Eine R\u00fcckgabe der Software nach Wirksamkeit der K\u00fcndigung durch den Kunden ist nicht erforderlich. Die Vierkant Software GmbH entzieht dem Kunden die Berechtigung zur Onlinenutzung der Software mit dem Tag, wo die K\u00fcndigung wirksam geworden ist.<\/p><p>\u00a7 11 Sonstige Vereinbarungen<\/p><p>(1.) F\u00fcr diese Gesch\u00e4ftsbedingungen und alle Rechtsbeziehungen zwischen der Vierkant Software GmbH und deren Kunden gilt das Recht der Bundesrepublik Deutschland unter Ausschluss internationalen Einheitsrechts, insbesondere des UN-Kaufrechts sowie Rechtsnormen, die auf eine andere Rechtsordnung verweisen.<\/p><p>(2.) Erf\u00fcllungsort und Gerichtsstand f\u00fcr alle Streitigkeiten aus und im Zusammenhang mit diesem Vertrag ist bei Kaufleuten der Sitz der Vierkant Software GmbH.<\/p><p>(3.) Erg\u00e4nzungen und \u00c4nderungen der getroffenen Vereinbarungen, insbesondere der Nutzungsvereinbarung, bed\u00fcrfen zu ihrer Wirksamkeit der Schriftform. Das gilt auch f\u00fcr die Ab\u00e4nderung dieses Schriftformerfordernisses selbst.<\/p><p>(4.) Sollte eine Bestimmung dieses Vertrages unwirksam sein oder sollte der Vertrag eine L\u00fccke enthalten, so bleibt die Rechtswirksamkeit der \u00fcbrigen Bestimmungen hiervon unber\u00fchrt. Anstelle der unwirksamen Bestimmung gilt eine wirksame Bestimmung als vereinbart, die dem von den Parteien Gewollten wirtschaftlich am n\u00e4chsten kommt; das gilt im Falle einer Vertragsl\u00fccke.<\/p>\t\t\t\t\t\t\t\t<\/div>\n\t\t\t\t<\/div>\n\t\t\t\t\t<\/div>\n\t\t<\/div>\n\t\t\t\t\t<\/div>\n\t\t<\/section>\n\t\t\t\t<\/div>\n\t\t","protected":false},"excerpt":{"rendered":"<p>AGB Allgemeine Gesch\u00e4ftsbedingungen Allgemeine Gesch\u00e4ftsbedingungen der Vierkant Software GmbH \u00a7 1 Geltungsbereich der Allgemeinen Gesch\u00e4ftsbedingungen (kurz: AGB) (1.) Die nachstehenden AGB gelten f\u00fcr die Vertr\u00e4ge zwischen der Vierkant Software GmbH und deren Kunden zur Softwarenutzung. \u00a7 2 Zustandekommen des Vertrages (1.) Der Vertrag zwischen der Vierkant Software GmbH und deren Kunden kommt nach Pr\u00fcfung der [&hellip;]<\/p>\n","protected":false},"author":1,"featured_media":0,"parent":0,"menu_order":0,"comment_status":"closed","ping_status":"closed","template":"","meta":{"ocean_post_layout":"full-screen","ocean_both_sidebars_style":"","ocean_both_sidebars_content_width":0,"ocean_both_sidebars_sidebars_width":0,"ocean_sidebar":"","ocean_second_sidebar":"","ocean_disable_margins":"enable","ocean_add_body_class":"","ocean_shortcode_before_top_bar":"","ocean_shortcode_after_top_bar":"","ocean_shortcode_before_header":"","ocean_shortcode_after_header":"","ocean_has_shortcode":"","ocean_shortcode_after_title":"","ocean_shortcode_before_footer_widgets":"","ocean_shortcode_after_footer_widgets":"","ocean_shortcode_before_footer_bottom":"","ocean_shortcode_after_footer_bottom":"","ocean_display_top_bar":"default","ocean_display_header":"default","ocean_header_style":"","ocean_center_header_left_menu":"","ocean_custom_header_template":"","ocean_custom_logo":0,"ocean_custom_retina_logo":0,"ocean_custom_logo_max_width":0,"ocean_custom_logo_tablet_max_width":0,"ocean_custom_logo_mobile_max_width":0,"ocean_custom_logo_max_height":0,"ocean_custom_logo_tablet_max_height":0,"ocean_custom_logo_mobile_max_height":0,"ocean_header_custom_menu":"","ocean_menu_typo_font_family":"","ocean_menu_typo_font_subset":"","ocean_menu_typo_font_size":0,"ocean_menu_typo_font_size_tablet":0,"ocean_menu_typo_font_size_mobile":0,"ocean_menu_typo_font_size_unit":"px","ocean_menu_typo_font_weight":"","ocean_menu_typo_font_weight_tablet":"","ocean_menu_typo_font_weight_mobile":"","ocean_menu_typo_transform":"","ocean_menu_typo_transform_tablet":"","ocean_menu_typo_transform_mobile":"","ocean_menu_typo_line_height":0,"ocean_menu_typo_line_height_tablet":0,"ocean_menu_typo_line_height_mobile":0,"ocean_menu_typo_line_height_unit":"","ocean_menu_typo_spacing":0,"ocean_menu_typo_spacing_tablet":0,"ocean_menu_typo_spacing_mobile":0,"ocean_menu_typo_spacing_unit":"","ocean_menu_link_color":"","ocean_menu_link_color_hover":"","ocean_menu_link_color_active":"","ocean_menu_link_background":"","ocean_menu_link_hover_background":"","ocean_menu_link_active_background":"","ocean_menu_social_links_bg":"","ocean_menu_social_hover_links_bg":"","ocean_menu_social_links_color":"","ocean_menu_social_hover_links_color":"","ocean_disable_title":"on","ocean_disable_heading":"default","ocean_post_title":"","ocean_post_subheading":"","ocean_post_title_style":"","ocean_post_title_background_color":"","ocean_post_title_background":0,"ocean_post_title_bg_image_position":"","ocean_post_title_bg_image_attachment":"","ocean_post_title_bg_image_repeat":"","ocean_post_title_bg_image_size":"","ocean_post_title_height":0,"ocean_post_title_bg_overlay":0.5,"ocean_post_title_bg_overlay_color":"","ocean_disable_breadcrumbs":"default","ocean_breadcrumbs_color":"","ocean_breadcrumbs_separator_color":"","ocean_breadcrumbs_links_color":"","ocean_breadcrumbs_links_hover_color":"","ocean_display_footer_widgets":"off","ocean_display_footer_bottom":"off","ocean_custom_footer_template":"","footnotes":""},"class_list":["post-9198","page","type-page","status-publish","hentry","entry"],"yoast_head":"<!-- This site is optimized with the Yoast SEO plugin v24.2 - https:\/\/yoast.com\/wordpress\/plugins\/seo\/ -->\n<title>AGB - focus horse<\/title>\n<meta name=\"robots\" content=\"index, follow, max-snippet:-1, max-image-preview:large, max-video-preview:-1\" \/>\n<link rel=\"canonical\" href=\"https:\/\/focus-horse.de\/index.php\/agb\/\" \/>\n<meta property=\"og:locale\" content=\"de_DE\" \/>\n<meta property=\"og:type\" content=\"article\" \/>\n<meta property=\"og:title\" content=\"AGB - focus horse\" \/>\n<meta property=\"og:description\" content=\"AGB Allgemeine Gesch\u00e4ftsbedingungen Allgemeine Gesch\u00e4ftsbedingungen der Vierkant Software GmbH \u00a7 1 Geltungsbereich der Allgemeinen Gesch\u00e4ftsbedingungen (kurz: AGB) (1.) Die nachstehenden AGB gelten f\u00fcr die Vertr\u00e4ge zwischen der Vierkant Software GmbH und deren Kunden zur Softwarenutzung. \u00a7 2 Zustandekommen des Vertrages (1.) Der Vertrag zwischen der Vierkant Software GmbH und deren Kunden kommt nach Pr\u00fcfung der [&hellip;]\" \/>\n<meta property=\"og:url\" content=\"https:\/\/focus-horse.de\/index.php\/agb\/\" \/>\n<meta property=\"og:site_name\" content=\"focus horse\" \/>\n<meta property=\"article:modified_time\" content=\"2025-05-28T10:19:24+00:00\" \/>\n<meta name=\"twitter:card\" content=\"summary_large_image\" \/>\n<meta name=\"twitter:label1\" content=\"Gesch\u00e4tzte Lesezeit\" \/>\n\t<meta name=\"twitter:data1\" content=\"6 Minuten\" \/>\n<script type=\"application\/ld+json\" class=\"yoast-schema-graph\">{\"@context\":\"https:\/\/schema.org\",\"@graph\":[{\"@type\":\"WebPage\",\"@id\":\"https:\/\/focus-horse.de\/index.php\/agb\/\",\"url\":\"https:\/\/focus-horse.de\/index.php\/agb\/\",\"name\":\"AGB - focus horse\",\"isPartOf\":{\"@id\":\"https:\/\/focus-horse.de\/#website\"},\"datePublished\":\"2025-05-28T10:15:05+00:00\",\"dateModified\":\"2025-05-28T10:19:24+00:00\",\"breadcrumb\":{\"@id\":\"https:\/\/focus-horse.de\/index.php\/agb\/#breadcrumb\"},\"inLanguage\":\"de\",\"potentialAction\":[{\"@type\":\"ReadAction\",\"target\":[\"https:\/\/focus-horse.de\/index.php\/agb\/\"]}]},{\"@type\":\"BreadcrumbList\",\"@id\":\"https:\/\/focus-horse.de\/index.php\/agb\/#breadcrumb\",\"itemListElement\":[{\"@type\":\"ListItem\",\"position\":1,\"name\":\"Startseite\",\"item\":\"https:\/\/focus-horse.de\/\"},{\"@type\":\"ListItem\",\"position\":2,\"name\":\"AGB\"}]},{\"@type\":\"WebSite\",\"@id\":\"https:\/\/focus-horse.de\/#website\",\"url\":\"https:\/\/focus-horse.de\/\",\"name\":\"focus horse\",\"description\":\"Gang- Lahmheits- und Reiteranalysen mit Hilfe k\u00fcnstlicher Intelligenz\",\"publisher\":{\"@id\":\"https:\/\/focus-horse.de\/#organization\"},\"potentialAction\":[{\"@type\":\"SearchAction\",\"target\":{\"@type\":\"EntryPoint\",\"urlTemplate\":\"https:\/\/focus-horse.de\/?s={search_term_string}\"},\"query-input\":{\"@type\":\"PropertyValueSpecification\",\"valueRequired\":true,\"valueName\":\"search_term_string\"}}],\"inLanguage\":\"de\"},{\"@type\":\"Organization\",\"@id\":\"https:\/\/focus-horse.de\/#organization\",\"name\":\"focus horse\",\"url\":\"https:\/\/focus-horse.de\/\",\"logo\":{\"@type\":\"ImageObject\",\"inLanguage\":\"de\",\"@id\":\"https:\/\/focus-horse.de\/#\/schema\/logo\/image\/\",\"url\":\"https:\/\/focus-horse.de\/fh-content\/uploads\/2023\/07\/Focus-horse_Favicon.png\",\"contentUrl\":\"https:\/\/focus-horse.de\/fh-content\/uploads\/2023\/07\/Focus-horse_Favicon.png\",\"width\":1000,\"height\":1000,\"caption\":\"focus horse\"},\"image\":{\"@id\":\"https:\/\/focus-horse.de\/#\/schema\/logo\/image\/\"}}]}<\/script>\n<!-- \/ Yoast SEO plugin. -->","yoast_head_json":{"title":"AGB - focus horse","robots":{"index":"index","follow":"follow","max-snippet":"max-snippet:-1","max-image-preview":"max-image-preview:large","max-video-preview":"max-video-preview:-1"},"canonical":"https:\/\/focus-horse.de\/index.php\/agb\/","og_locale":"de_DE","og_type":"article","og_title":"AGB - focus horse","og_description":"AGB Allgemeine Gesch\u00e4ftsbedingungen Allgemeine Gesch\u00e4ftsbedingungen der Vierkant Software GmbH \u00a7 1 Geltungsbereich der Allgemeinen Gesch\u00e4ftsbedingungen (kurz: AGB) (1.) Die nachstehenden AGB gelten f\u00fcr die Vertr\u00e4ge zwischen der Vierkant Software GmbH und deren Kunden zur Softwarenutzung. \u00a7 2 Zustandekommen des Vertrages (1.) Der Vertrag zwischen der Vierkant Software GmbH und deren Kunden kommt nach Pr\u00fcfung der [&hellip;]","og_url":"https:\/\/focus-horse.de\/index.php\/agb\/","og_site_name":"focus horse","article_modified_time":"2025-05-28T10:19:24+00:00","twitter_card":"summary_large_image","twitter_misc":{"Gesch\u00e4tzte Lesezeit":"6 Minuten"},"schema":{"@context":"https:\/\/schema.org","@graph":[{"@type":"WebPage","@id":"https:\/\/focus-horse.de\/index.php\/agb\/","url":"https:\/\/focus-horse.de\/index.php\/agb\/","name":"AGB - focus horse","isPartOf":{"@id":"https:\/\/focus-horse.de\/#website"},"datePublished":"2025-05-28T10:15:05+00:00","dateModified":"2025-05-28T10:19:24+00:00","breadcrumb":{"@id":"https:\/\/focus-horse.de\/index.php\/agb\/#breadcrumb"},"inLanguage":"de","potentialAction":[{"@type":"ReadAction","target":["https:\/\/focus-horse.de\/index.php\/agb\/"]}]},{"@type":"BreadcrumbList","@id":"https:\/\/focus-horse.de\/index.php\/agb\/#breadcrumb","itemListElement":[{"@type":"ListItem","position":1,"name":"Startseite","item":"https:\/\/focus-horse.de\/"},{"@type":"ListItem","position":2,"name":"AGB"}]},{"@type":"WebSite","@id":"https:\/\/focus-horse.de\/#website","url":"https:\/\/focus-horse.de\/","name":"focus horse","description":"Gang- Lahmheits- und Reiteranalysen mit Hilfe k\u00fcnstlicher Intelligenz","publisher":{"@id":"https:\/\/focus-horse.de\/#organization"},"potentialAction":[{"@type":"SearchAction","target":{"@type":"EntryPoint","urlTemplate":"https:\/\/focus-horse.de\/?s={search_term_string}"},"query-input":{"@type":"PropertyValueSpecification","valueRequired":true,"valueName":"search_term_string"}}],"inLanguage":"de"},{"@type":"Organization","@id":"https:\/\/focus-horse.de\/#organization","name":"focus horse","url":"https:\/\/focus-horse.de\/","logo":{"@type":"ImageObject","inLanguage":"de","@id":"https:\/\/focus-horse.de\/#\/schema\/logo\/image\/","url":"https:\/\/focus-horse.de\/fh-content\/uploads\/2023\/07\/Focus-horse_Favicon.png","contentUrl":"https:\/\/focus-horse.de\/fh-content\/uploads\/2023\/07\/Focus-horse_Favicon.png","width":1000,"height":1000,"caption":"focus horse"},"image":{"@id":"https:\/\/focus-horse.de\/#\/schema\/logo\/image\/"}}]}},"_links":{"self":[{"href":"https:\/\/focus-horse.de\/index.php\/wp-json\/wp\/v2\/pages\/9198","targetHints":{"allow":["GET"]}}],"collection":[{"href":"https:\/\/focus-horse.de\/index.php\/wp-json\/wp\/v2\/pages"}],"about":[{"href":"https:\/\/focus-horse.de\/index.php\/wp-json\/wp\/v2\/types\/page"}],"author":[{"embeddable":true,"href":"https:\/\/focus-horse.de\/index.php\/wp-json\/wp\/v2\/users\/1"}],"replies":[{"embeddable":true,"href":"https:\/\/focus-horse.de\/index.php\/wp-json\/wp\/v2\/comments?post=9198"}],"version-history":[{"count":4,"href":"https:\/\/focus-horse.de\/index.php\/wp-json\/wp\/v2\/pages\/9198\/revisions"}],"predecessor-version":[{"id":9203,"href":"https:\/\/focus-horse.de\/index.php\/wp-json\/wp\/v2\/pages\/9198\/revisions\/9203"}],"wp:attachment":[{"href":"https:\/\/focus-horse.de\/index.php\/wp-json\/wp\/v2\/media?parent=9198"}],"curies":[{"name":"wp","href":"https:\/\/api.w.org\/{rel}","templated":true}]}}